{"id":118,"date":"2023-12-16T01:30:20","date_gmt":"2023-12-16T00:30:20","guid":{"rendered":"https:\/\/dominiot.fr\/?page_id=118"},"modified":"2024-01-10T23:06:50","modified_gmt":"2024-01-10T22:06:50","slug":"cu-sante","status":"publish","type":"page","link":"https:\/\/dominiot.fr\/index.php\/cu-sante\/","title":{"rendered":"Sant\u00e9"},"content":{"rendered":"\n<figure class=\"wp-block-image aligncenter size-large is-resized\"><img loading=\"lazy\" decoding=\"async\" width=\"1024\" height=\"682\" src=\"https:\/\/dominiot.fr\/wp-content\/uploads\/2023\/12\/chemist-2815640_1280-1024x682.jpg\" alt=\"\" class=\"wp-image-450\" style=\"width:544px;height:auto\" srcset=\"https:\/\/dominiot.fr\/wp-content\/uploads\/2023\/12\/chemist-2815640_1280-1024x682.jpg 1024w, https:\/\/dominiot.fr\/wp-content\/uploads\/2023\/12\/chemist-2815640_1280-980x653.jpg 980w, https:\/\/dominiot.fr\/wp-content\/uploads\/2023\/12\/chemist-2815640_1280-480x320.jpg 480w\" sizes=\"(min-width: 0px) and (max-width: 480px) 480px, (min-width: 481px) and (max-width: 980px) 980px, (min-width: 981px) 1024px, 100vw\" \/><\/figure>\n\n\n\n<div style=\"height:62px\" aria-hidden=\"true\" class=\"wp-block-spacer\"><\/div>\n\n\n\n<h2 class=\"wp-block-heading has-text-align-center\">DominIoT vous propose un syst\u00e8me de gestion hospitali\u00e8re intelligent et s\u00e9curis\u00e9 qui permet d\u2019am\u00e9liorer la prestation des soins de sant\u00e9, de r\u00e9duire les co\u00fbts tout en optimisant l&#8217;activit\u00e9 du personnel et des ressources et d&#8217;am\u00e9liorer la qualit\u00e9 de vie des patients.<\/h2>\n\n\n\n<div style=\"height:51px\" aria-hidden=\"true\" class=\"wp-block-spacer\"><\/div>\n\n\n\n<div class=\"wp-block-columns is-layout-flex wp-container-core-columns-layout-1 wp-block-columns-is-layout-flex\">\n<div class=\"wp-block-column is-layout-flow wp-block-column-is-layout-flow\">\n<div style=\"height:97px\" aria-hidden=\"true\" class=\"wp-block-spacer\"><\/div>\n\n\n\n<p>Dans le contexte de la gestion hospitali\u00e8re, l\u2019IoT offre des solutions innovantes pour am\u00e9liorer l&#8217;efficacit\u00e9 op\u00e9rationnelle, renforcer la qualit\u00e9 des soins, et garantir la s\u00e9curit\u00e9 des patients.<\/p>\n<\/div>\n\n\n\n<div class=\"wp-block-column is-layout-flow wp-block-column-is-layout-flow\">\n<figure class=\"wp-block-image size-large is-resized\"><img loading=\"lazy\" decoding=\"async\" width=\"1024\" height=\"678\" src=\"https:\/\/dominiot.fr\/wp-content\/uploads\/2023\/12\/hospital-1802680_1280-1-1024x678.jpg\" alt=\"\" class=\"wp-image-516\" style=\"width:358px;height:auto\" srcset=\"https:\/\/dominiot.fr\/wp-content\/uploads\/2023\/12\/hospital-1802680_1280-1-1024x678.jpg 1024w, https:\/\/dominiot.fr\/wp-content\/uploads\/2023\/12\/hospital-1802680_1280-1-980x649.jpg 980w, https:\/\/dominiot.fr\/wp-content\/uploads\/2023\/12\/hospital-1802680_1280-1-480x318.jpg 480w\" sizes=\"(min-width: 0px) and (max-width: 480px) 480px, (min-width: 481px) and (max-width: 980px) 980px, (min-width: 981px) 1024px, 100vw\" \/><\/figure>\n<\/div>\n<\/div>\n\n\n\n<div style=\"height:38px\" aria-hidden=\"true\" class=\"wp-block-spacer\"><\/div>\n\n\n\n<h1 class=\"wp-block-heading\">Comment l&#8217;IoT peut \u00eatre appliqu\u00e9 dans la sant\u00e9:<\/h1>\n\n\n\n<div style=\"height:57px\" aria-hidden=\"true\" class=\"wp-block-spacer\"><\/div>\n\n\n\n<h2 class=\"wp-block-heading\"><strong>Gestion des \u00c9quipements M\u00e9dicaux<\/strong><\/h2>\n\n\n\n<p>Permettre la surveillance en temps r\u00e9el des \u00e9quipements m\u00e9dicaux tels que les moniteurs cardiaques, les pompes \u00e0 perfusion, et les dispositifs de diagnostic. Des capteurs sont capable de d\u00e9tecter les pannes potentielles, planifier la maintenance pr\u00e9ventive, localiser les \u00e9quipements et optimiser l&#8217;utilisation des \u00e9quipements.<\/p>\n\n\n\n<h2 class=\"wp-block-heading\"><strong>Suivi des Patients<\/strong><\/h2>\n\n\n\n<p>Les bracelets intelligents et autres dispositifs sont utilis\u00e9s afin de suivre les mouvements des patients dans l&#8217;h\u00f4pital. Cela am\u00e9liore la gestion des rendez-vous, r\u00e9duit les temps d&#8217;attente, et permet une localisation rapide en cas d&#8217;urgence.<\/p>\n\n\n\n<h2 class=\"wp-block-heading\"><strong>Gestion des Stocks de M\u00e9dicaments<\/strong><\/h2>\n\n\n\n<p>Les capteurs surveillent les niveaux de stock des m\u00e9dicaments et des fournitures m\u00e9dicales. Des alertes automatiques peuvent indiquer quand recharger les stocks, \u00e9vitant ainsi les p\u00e9nuries potentielles.<\/p>\n\n\n\n<h2 class=\"wp-block-heading\"><strong>Hygi\u00e8ne Hospitali\u00e8re<\/strong><\/h2>\n\n\n\n<p>Les capteurs sont int\u00e9gr\u00e9s dans les dispositifs d&#8217;hygi\u00e8ne, tels que les distributeurs de d\u00e9sinfectant pour les mains et les syst\u00e8mes d&#8217;assainissement de l&#8217;air. C&#8217;est une garantie un niveau \u00e9lev\u00e9 des normes de propret\u00e9 et r\u00e9duit le risque d&#8217;infections nosocomiales.<\/p>\n\n\n\n<h2 class=\"wp-block-heading\"><strong>Gestion des Chambres<\/strong><\/h2>\n\n\n\n<p>Les capteurs dans les chambres des patients peuvent mesurer la temp\u00e9rature, la luminosit\u00e9, et d&#8217;autres param\u00e8tres pour cr\u00e9er un environnement plus confortable et adapt\u00e9 aux besoins individuels.<\/p>\n\n\n\n<h2 class=\"wp-block-heading\"><strong>Suivi des Mouvements du Personnel<\/strong><\/h2>\n\n\n\n<p>Les dispositifs peuvent \u00eatre utilis\u00e9s pour suivre les mouvements du personnel m\u00e9dical, am\u00e9liorant ainsi la coordination des \u00e9quipes. Cela permet une intervention rapide en cas d&#8217;urgence.<\/p>\n\n\n\n<h2 class=\"wp-block-heading\"><strong>Optimisation des Flux de Travail<\/strong><\/h2>\n\n\n\n<p>Automatiser les processus hospitaliers, comme la gestion des rendez-vous, la collecte des donn\u00e9es vitales, et le suivi des dossiers m\u00e9dicaux \u00e9lectroniques. Le gain \u00e9tant la r\u00e9duction de la charge de travail administrative et l&#8217;am\u00e9lioration de l&#8217;efficacit\u00e9 globale.<\/p>\n\n\n\n<h2 class=\"wp-block-heading\"><strong>Gestion de l&#8217;\u00c9nergie<\/strong><\/h2>\n\n\n\n<p>Les syst\u00e8mes d&#8217;\u00e9clairage, de chauffage et de climatisation sont optimis\u00e9s afin de r\u00e9duire la consommation d&#8217;\u00e9nergie et leurs co\u00fbts associ\u00e9s.<\/p>\n\n\n\n<h2 class=\"wp-block-heading\"><strong>S\u00e9curit\u00e9 des Patients<\/strong><\/h2>\n\n\n\n<p>Des dispositifs peuvent surveiller les patients \u00e0 risque et d\u00e9clencher des alertes en cas de situations critiques, contribuant ainsi \u00e0 am\u00e9liorer la s\u00e9curit\u00e9 des patients.<\/p>\n\n\n\n<h2 class=\"wp-block-heading\"><strong>Analyse de Donn\u00e9es pour la Prise de D\u00e9cision<\/strong>&nbsp;<\/h2>\n\n\n\n<p>L&#8217;analyse de ces donn\u00e9es permet aux administrateurs hospitaliers de prendre des d\u00e9cisions \u00e9clair\u00e9es pour am\u00e9liorer les op\u00e9rations et les soins.<\/p>\n\n\n\n<p><\/p>\n","protected":false},"excerpt":{"rendered":"<p>DominIoT vous propose un syst\u00e8me de gestion hospitali\u00e8re intelligent et s\u00e9curis\u00e9 qui permet d\u2019am\u00e9liorer la prestation des soins de sant\u00e9, de r\u00e9duire les co\u00fbts tout en optimisant l&#8217;activit\u00e9 du personnel et des ressources et d&#8217;am\u00e9liorer la qualit\u00e9 de vie des patients. Dans le contexte de la gestion hospitali\u00e8re, l\u2019IoT offre des solutions innovantes pour am\u00e9liorer [&hellip;]<\/p>\n","protected":false},"author":1,"featured_media":556,"parent":0,"menu_order":0,"comment_status":"closed","ping_status":"closed","template":"","meta":{"_et_pb_use_builder":"off","_et_pb_old_content":"<!-- wp:columns -->\n<div class=\"wp-block-columns\"><!-- wp:column {\"width\":\"33.33%\"} -->\n<div class=\"wp-block-column\" style=\"flex-basis:33.33%\"><!-- wp:paragraph -->\n<p><\/p>\n<!-- \/wp:paragraph -->\n\n<!-- wp:paragraph {\"align\":\"center\",\"fontSize\":\"medium\"} -->\n<p class=\"has-text-align-center has-medium-font-size\"><strong>Dans le contexte de la gestion hospitali\u00e8re, l\u2019IoT offre des solutions innovantes pour am\u00e9liorer l'efficacit\u00e9 op\u00e9rationnelle, renforcer la qualit\u00e9 des soins, et garantir la s\u00e9curit\u00e9 des patients. Voici comment l'IoT peut \u00eatre appliqu\u00e9 sp\u00e9cifiquement dans la gestion hospitali\u00e8re :<\/strong><\/p>\n<!-- \/wp:paragraph --><\/div>\n<!-- \/wp:column -->\n\n<!-- wp:column {\"width\":\"66.66%\"} -->\n<div class=\"wp-block-column\" style=\"flex-basis:66.66%\"><!-- wp:image {\"align\":\"center\",\"id\":436,\"width\":\"403px\",\"height\":\"auto\",\"sizeSlug\":\"full\",\"linkDestination\":\"none\"} -->\n<figure class=\"wp-block-image aligncenter size-full is-resized\"><img src=\"https:\/\/dominiot.fr\/wp-content\/uploads\/2023\/12\/operation-540597_1280.jpg\" alt=\"\" class=\"wp-image-436\" style=\"width:403px;height:auto\"\/><\/figure>\n<!-- \/wp:image --><\/div>\n<!-- \/wp:column --><\/div>\n<!-- \/wp:columns -->\n\n<!-- wp:heading -->\n<h2 class=\"wp-block-heading\"><strong>Gestion des \u00c9quipements M\u00e9dicaux<\/strong> :<\/h2>\n<!-- \/wp:heading -->\n\n<!-- wp:paragraph -->\n<p>Permettre la surveillance en temps r\u00e9el des \u00e9quipements m\u00e9dicaux tels que les moniteurs cardiaques, les pompes \u00e0 perfusion, et les dispositifs de diagnostic. Des capteurs peuvent d\u00e9tecter les pannes potentielles, planifier la maintenance pr\u00e9ventive, et optimiser l'utilisation des \u00e9quipements.<\/p>\n<!-- \/wp:paragraph -->\n\n<!-- wp:heading -->\n<h2 class=\"wp-block-heading\"><strong>Suivi des Patients<\/strong><\/h2>\n<!-- \/wp:heading -->\n\n<!-- wp:paragraph -->\n<p>Les bracelets intelligents et autres dispositifs peuvent \u00eatre utilis\u00e9s pour suivre les mouvements des patients dans l'h\u00f4pital. Cela am\u00e9liore la gestion des rendez-vous, r\u00e9duit les temps d'attente, et permet une localisation rapide en cas d'urgence.<\/p>\n<!-- \/wp:paragraph -->\n\n<!-- wp:heading -->\n<h2 class=\"wp-block-heading\"><strong>Gestion des Stocks de M\u00e9dicaments<\/strong> :<\/h2>\n<!-- \/wp:heading -->\n\n<!-- wp:paragraph -->\n<p>Les capteurs surveillent les niveaux de stock des m\u00e9dicaments et des fournitures m\u00e9dicales. Les alertes automatiques peuvent \u00eatre g\u00e9n\u00e9r\u00e9es pour indiquer quand recharger les stocks, \u00e9vitant ainsi les p\u00e9nuries potentielles.<\/p>\n<!-- \/wp:paragraph -->\n\n<!-- wp:heading -->\n<h2 class=\"wp-block-heading\"><strong>Hygi\u00e8ne Hospitali\u00e8re<\/strong><\/h2>\n<!-- \/wp:heading -->\n\n<!-- wp:paragraph -->\n<p>Les capteurs peuvent \u00eatre int\u00e9gr\u00e9s dans les dispositifs d'hygi\u00e8ne, tels que les distributeurs de d\u00e9sinfectant pour les mains et les syst\u00e8mes d'assainissement de l'air, pour garantir des normes \u00e9lev\u00e9es de propret\u00e9 et r\u00e9duire le risque d'infections nosocomiales.<\/p>\n<!-- \/wp:paragraph -->\n\n<!-- wp:heading -->\n<h2 class=\"wp-block-heading\"><strong>Gestion des Chambres<\/strong><\/h2>\n<!-- \/wp:heading -->\n\n<!-- wp:paragraph -->\n<p>Les capteurs dans les chambres des patients peuvent mesurer la temp\u00e9rature, la luminosit\u00e9, et d'autres param\u00e8tres pour cr\u00e9er un environnement plus confortable et adapt\u00e9 aux besoins individuels.<\/p>\n<!-- \/wp:paragraph -->\n\n<!-- wp:heading -->\n<h2 class=\"wp-block-heading\"><strong>Suivi des Mouvements du Personnel<\/strong><\/h2>\n<!-- \/wp:heading -->\n\n<!-- wp:paragraph -->\n<p>Les dispositifs peuvent \u00eatre utilis\u00e9s pour suivre les mouvements du personnel m\u00e9dical, am\u00e9liorant ainsi la coordination des \u00e9quipes et permettant une intervention rapide en cas d'urgence.<\/p>\n<!-- \/wp:paragraph -->\n\n<!-- wp:heading -->\n<h2 class=\"wp-block-heading\">Optimisation des Flux de Travail :<\/h2>\n<!-- \/wp:heading -->\n\n<!-- wp:paragraph -->\n<p>Automatiser les processus hospitaliers, comme la gestion des rendez-vous, la collecte des donn\u00e9es vitales, et le suivi des dossiers m\u00e9dicaux \u00e9lectroniques, r\u00e9duisant ainsi la charge de travail administrative et am\u00e9liorant l'efficacit\u00e9 globale.<\/p>\n<!-- \/wp:paragraph -->\n\n<!-- wp:heading -->\n<h2 class=\"wp-block-heading\"><strong>Gestion de l'\u00c9nergie<\/strong><\/h2>\n<!-- \/wp:heading -->\n\n<!-- wp:paragraph -->\n<p>Les syst\u00e8mes d'\u00e9clairage, de chauffage, et de climatisation peuvent \u00eatre optimis\u00e9s afin de r\u00e9duire la consommation d'\u00e9nergie et les co\u00fbts associ\u00e9s.<\/p>\n<!-- \/wp:paragraph -->\n\n<!-- wp:heading -->\n<h2 class=\"wp-block-heading\">S\u00e9curit\u00e9 des Patients<\/h2>\n<!-- \/wp:heading -->\n\n<!-- wp:paragraph -->\n<p>Des dispositifs peuvent \u00eatre utilis\u00e9s pour surveiller les patients \u00e0 risque et d\u00e9clencher des alertes en cas de situations critiques, contribuant ainsi \u00e0 am\u00e9liorer la s\u00e9curit\u00e9 des patients.<\/p>\n<!-- \/wp:paragraph -->\n\n<!-- wp:heading -->\n<h2 class=\"wp-block-heading\"><strong>Analyse de Donn\u00e9es pour la Prise de D\u00e9cision<\/strong>&nbsp;<\/h2>\n<!-- \/wp:heading -->\n\n<!-- wp:paragraph -->\n<p>L'analyse de ces donn\u00e9es permet aux administrateurs hospitaliers de prendre des d\u00e9cisions \u00e9clair\u00e9es pour am\u00e9liorer les op\u00e9rations et les soins.<\/p>\n<!-- \/wp:paragraph -->","_et_gb_content_width":"","_monsterinsights_skip_tracking":false,"_monsterinsights_sitenote_active":false,"_monsterinsights_sitenote_note":"","_monsterinsights_sitenote_category":0,"footnotes":""},"yoast_head":"<!-- This site is optimized with the Yoast SEO plugin v21.7 - https:\/\/yoast.com\/wordpress\/plugins\/seo\/ -->\n<title>Gestion des \u00c9quipements M\u00e9dicaux - Suivi des patients - Hygi\u00e8ne Hospitali\u00e8re - S\u00e9curit\u00e9 des Patients - Gestion des Chambres<\/title>\n<meta name=\"description\" content=\"DominIoT offre un syst\u00e8me de gestion hospitali\u00e8re intelligent et s\u00e9curis\u00e9 qui permet d\u2019am\u00e9liorer la prestation des soins de sant\u00e9, r\u00e9duire les co\u00fbts en optimisant l\u2019activit\u00e9 du personnel et l\u2019utilisation des ressources tout en am\u00e9liorant la qualit\u00e9 de vie des patients.\" \/>\n<meta name=\"robots\" content=\"index, follow, max-snippet:-1, max-image-preview:large, max-video-preview:-1\" \/>\n<link rel=\"canonical\" href=\"https:\/\/dominiot.fr\/index.php\/cu-sante\/\" \/>\n<meta property=\"og:locale\" content=\"en_US\" \/>\n<meta property=\"og:type\" content=\"article\" \/>\n<meta property=\"og:title\" content=\"Gestion des \u00c9quipements M\u00e9dicaux - Suivi des patients - Hygi\u00e8ne Hospitali\u00e8re - S\u00e9curit\u00e9 des Patients - Gestion des Chambres\" \/>\n<meta property=\"og:description\" content=\"DominIoT offre un syst\u00e8me de gestion hospitali\u00e8re intelligent et s\u00e9curis\u00e9 qui permet d\u2019am\u00e9liorer la prestation des soins de sant\u00e9, r\u00e9duire les co\u00fbts en optimisant l\u2019activit\u00e9 du personnel et l\u2019utilisation des ressources tout en am\u00e9liorant la qualit\u00e9 de vie des patients.\" \/>\n<meta property=\"og:url\" content=\"https:\/\/dominiot.fr\/index.php\/cu-sante\/\" \/>\n<meta property=\"og:site_name\" content=\"DominIoT\" \/>\n<meta property=\"article:modified_time\" content=\"2024-01-10T22:06:50+00:00\" \/>\n<meta property=\"og:image\" content=\"https:\/\/dominiot.fr\/wp-content\/uploads\/2023\/12\/test-214244_1280.jpg\" \/>\n\t<meta property=\"og:image:width\" content=\"1280\" \/>\n\t<meta property=\"og:image:height\" content=\"847\" \/>\n\t<meta property=\"og:image:type\" content=\"image\/jpeg\" \/>\n<meta name=\"twitter:card\" content=\"summary_large_image\" \/>\n<meta name=\"twitter:label1\" content=\"Est. reading time\" \/>\n\t<meta name=\"twitter:data1\" content=\"3 minutes\" \/>\n<script type=\"application\/ld+json\" class=\"yoast-schema-graph\">{\"@context\":\"https:\/\/schema.org\",\"@graph\":[{\"@type\":\"WebPage\",\"@id\":\"https:\/\/dominiot.fr\/index.php\/cu-sante\/\",\"url\":\"https:\/\/dominiot.fr\/index.php\/cu-sante\/\",\"name\":\"Gestion des \u00c9quipements M\u00e9dicaux - Suivi des patients - Hygi\u00e8ne Hospitali\u00e8re - S\u00e9curit\u00e9 des Patients - Gestion des Chambres\",\"isPartOf\":{\"@id\":\"https:\/\/dominiot.fr\/#website\"},\"datePublished\":\"2023-12-16T00:30:20+00:00\",\"dateModified\":\"2024-01-10T22:06:50+00:00\",\"description\":\"DominIoT offre un syst\u00e8me de gestion hospitali\u00e8re intelligent et s\u00e9curis\u00e9 qui permet d\u2019am\u00e9liorer la prestation des soins de sant\u00e9, r\u00e9duire les co\u00fbts en optimisant l\u2019activit\u00e9 du personnel et l\u2019utilisation des ressources tout en am\u00e9liorant la qualit\u00e9 de vie des patients.\",\"breadcrumb\":{\"@id\":\"https:\/\/dominiot.fr\/index.php\/cu-sante\/#breadcrumb\"},\"inLanguage\":\"en-US\",\"potentialAction\":[{\"@type\":\"ReadAction\",\"target\":[\"https:\/\/dominiot.fr\/index.php\/cu-sante\/\"]}]},{\"@type\":\"BreadcrumbList\",\"@id\":\"https:\/\/dominiot.fr\/index.php\/cu-sante\/#breadcrumb\",\"itemListElement\":[{\"@type\":\"ListItem\",\"position\":1,\"name\":\"Accueil\",\"item\":\"https:\/\/dominiot.fr\/\"},{\"@type\":\"ListItem\",\"position\":2,\"name\":\"Sant\u00e9\"}]},{\"@type\":\"WebSite\",\"@id\":\"https:\/\/dominiot.fr\/#website\",\"url\":\"https:\/\/dominiot.fr\/\",\"name\":\"DominIoT\",\"description\":\"\",\"potentialAction\":[{\"@type\":\"SearchAction\",\"target\":{\"@type\":\"EntryPoint\",\"urlTemplate\":\"https:\/\/dominiot.fr\/?s={search_term_string}\"},\"query-input\":\"required name=search_term_string\"}],\"inLanguage\":\"en-US\"}]}<\/script>\n<!-- \/ Yoast SEO plugin. -->","yoast_head_json":{"title":"Gestion des \u00c9quipements M\u00e9dicaux - Suivi des patients - Hygi\u00e8ne Hospitali\u00e8re - S\u00e9curit\u00e9 des Patients - Gestion des Chambres","description":"DominIoT offre un syst\u00e8me de gestion hospitali\u00e8re intelligent et s\u00e9curis\u00e9 qui permet d\u2019am\u00e9liorer la prestation des soins de sant\u00e9, r\u00e9duire les co\u00fbts en optimisant l\u2019activit\u00e9 du personnel et l\u2019utilisation des ressources tout en am\u00e9liorant la qualit\u00e9 de vie des patients.","robots":{"index":"index","follow":"follow","max-snippet":"max-snippet:-1","max-image-preview":"max-image-preview:large","max-video-preview":"max-video-preview:-1"},"canonical":"https:\/\/dominiot.fr\/index.php\/cu-sante\/","og_locale":"en_US","og_type":"article","og_title":"Gestion des \u00c9quipements M\u00e9dicaux - Suivi des patients - Hygi\u00e8ne Hospitali\u00e8re - S\u00e9curit\u00e9 des Patients - Gestion des Chambres","og_description":"DominIoT offre un syst\u00e8me de gestion hospitali\u00e8re intelligent et s\u00e9curis\u00e9 qui permet d\u2019am\u00e9liorer la prestation des soins de sant\u00e9, r\u00e9duire les co\u00fbts en optimisant l\u2019activit\u00e9 du personnel et l\u2019utilisation des ressources tout en am\u00e9liorant la qualit\u00e9 de vie des patients.","og_url":"https:\/\/dominiot.fr\/index.php\/cu-sante\/","og_site_name":"DominIoT","article_modified_time":"2024-01-10T22:06:50+00:00","og_image":[{"width":1280,"height":847,"url":"https:\/\/dominiot.fr\/wp-content\/uploads\/2023\/12\/test-214244_1280.jpg","type":"image\/jpeg"}],"twitter_card":"summary_large_image","twitter_misc":{"Est. reading time":"3 minutes"},"schema":{"@context":"https:\/\/schema.org","@graph":[{"@type":"WebPage","@id":"https:\/\/dominiot.fr\/index.php\/cu-sante\/","url":"https:\/\/dominiot.fr\/index.php\/cu-sante\/","name":"Gestion des \u00c9quipements M\u00e9dicaux - Suivi des patients - Hygi\u00e8ne Hospitali\u00e8re - S\u00e9curit\u00e9 des Patients - Gestion des Chambres","isPartOf":{"@id":"https:\/\/dominiot.fr\/#website"},"datePublished":"2023-12-16T00:30:20+00:00","dateModified":"2024-01-10T22:06:50+00:00","description":"DominIoT offre un syst\u00e8me de gestion hospitali\u00e8re intelligent et s\u00e9curis\u00e9 qui permet d\u2019am\u00e9liorer la prestation des soins de sant\u00e9, r\u00e9duire les co\u00fbts en optimisant l\u2019activit\u00e9 du personnel et l\u2019utilisation des ressources tout en am\u00e9liorant la qualit\u00e9 de vie des patients.","breadcrumb":{"@id":"https:\/\/dominiot.fr\/index.php\/cu-sante\/#breadcrumb"},"inLanguage":"en-US","potentialAction":[{"@type":"ReadAction","target":["https:\/\/dominiot.fr\/index.php\/cu-sante\/"]}]},{"@type":"BreadcrumbList","@id":"https:\/\/dominiot.fr\/index.php\/cu-sante\/#breadcrumb","itemListElement":[{"@type":"ListItem","position":1,"name":"Accueil","item":"https:\/\/dominiot.fr\/"},{"@type":"ListItem","position":2,"name":"Sant\u00e9"}]},{"@type":"WebSite","@id":"https:\/\/dominiot.fr\/#website","url":"https:\/\/dominiot.fr\/","name":"DominIoT","description":"","potentialAction":[{"@type":"SearchAction","target":{"@type":"EntryPoint","urlTemplate":"https:\/\/dominiot.fr\/?s={search_term_string}"},"query-input":"required name=search_term_string"}],"inLanguage":"en-US"}]}},"_links":{"self":[{"href":"https:\/\/dominiot.fr\/index.php\/wp-json\/wp\/v2\/pages\/118"}],"collection":[{"href":"https:\/\/dominiot.fr\/index.php\/wp-json\/wp\/v2\/pages"}],"about":[{"href":"https:\/\/dominiot.fr\/index.php\/wp-json\/wp\/v2\/types\/page"}],"author":[{"embeddable":true,"href":"https:\/\/dominiot.fr\/index.php\/wp-json\/wp\/v2\/users\/1"}],"replies":[{"embeddable":true,"href":"https:\/\/dominiot.fr\/index.php\/wp-json\/wp\/v2\/comments?post=118"}],"version-history":[{"count":17,"href":"https:\/\/dominiot.fr\/index.php\/wp-json\/wp\/v2\/pages\/118\/revisions"}],"predecessor-version":[{"id":859,"href":"https:\/\/dominiot.fr\/index.php\/wp-json\/wp\/v2\/pages\/118\/revisions\/859"}],"wp:featuredmedia":[{"embeddable":true,"href":"https:\/\/dominiot.fr\/index.php\/wp-json\/wp\/v2\/media\/556"}],"wp:attachment":[{"href":"https:\/\/dominiot.fr\/index.php\/wp-json\/wp\/v2\/media?parent=118"}],"curies":[{"name":"wp","href":"https:\/\/api.w.org\/{rel}","templated":true}]}}