{"id":120,"date":"2023-12-16T01:30:49","date_gmt":"2023-12-16T00:30:49","guid":{"rendered":"https:\/\/dominiot.fr\/?page_id=120"},"modified":"2024-01-11T14:48:26","modified_gmt":"2024-01-11T13:48:26","slug":"cu-industrie","status":"publish","type":"page","link":"https:\/\/dominiot.fr\/index.php\/cu-industrie\/","title":{"rendered":"Industrie"},"content":{"rendered":"\n<figure class=\"wp-block-image aligncenter size-large is-resized\"><img loading=\"lazy\" decoding=\"async\" width=\"1024\" height=\"682\" src=\"https:\/\/dominiot.fr\/wp-content\/uploads\/2023\/12\/industry-4674845_1280-1024x682.jpg\" alt=\"\" class=\"wp-image-494\" style=\"width:597px;height:auto\" srcset=\"https:\/\/dominiot.fr\/wp-content\/uploads\/2023\/12\/industry-4674845_1280-1024x682.jpg 1024w, https:\/\/dominiot.fr\/wp-content\/uploads\/2023\/12\/industry-4674845_1280-980x653.jpg 980w, https:\/\/dominiot.fr\/wp-content\/uploads\/2023\/12\/industry-4674845_1280-480x320.jpg 480w\" sizes=\"(min-width: 0px) and (max-width: 480px) 480px, (min-width: 481px) and (max-width: 980px) 980px, (min-width: 981px) 1024px, 100vw\" \/><\/figure>\n\n\n\n<div style=\"height:58px\" aria-hidden=\"true\" class=\"wp-block-spacer\"><\/div>\n\n\n\n<h2 class=\"wp-block-heading has-text-align-center\"><strong>DominIoT s\u2019int\u00e8gre parfaitement au concept de l&#8217;Industrie 4.0 qui offre un environnement o\u00f9 la connectivit\u00e9 des objets physiques, la collecte de donn\u00e9es en temps r\u00e9el et l&#8217;automatisation des processus industriels sont int\u00e9gr\u00e9es pour optimiser l&#8217;efficacit\u00e9 et la prise de d\u00e9cision.<\/strong><\/h2>\n\n\n\n<h2 class=\"wp-block-heading has-text-align-center\">Il permet aux entreprises industrielles de r\u00e9aliser des gains significatifs en termes d&#8217;efficacit\u00e9, de qualit\u00e9, et d&#8217;innovation, positionnant ainsi leurs op\u00e9rations au c\u0153ur de la quatri\u00e8me r\u00e9volution industrielle.<\/h2>\n\n\n\n<div style=\"height:53px\" aria-hidden=\"true\" class=\"wp-block-spacer\"><\/div>\n\n\n\n<div class=\"wp-block-columns is-layout-flex wp-container-core-columns-layout-1 wp-block-columns-is-layout-flex\">\n<div class=\"wp-block-column is-layout-flow wp-block-column-is-layout-flow\">\n<p>Dans le contexte de l&#8217;Industrie 4.0, l&#8217;IoT joue un r\u00f4le crucial dans la transformation des op\u00e9rations industrielles. Il introduit une connectivit\u00e9 intelligente, une automatisation avanc\u00e9e, et une prise de d\u00e9cision bas\u00e9e sur les donn\u00e9es.<\/p>\n<\/div>\n\n\n\n<div class=\"wp-block-column is-layout-flow wp-block-column-is-layout-flow\">\n<figure class=\"wp-block-image size-large is-resized\"><img loading=\"lazy\" decoding=\"async\" width=\"1024\" height=\"358\" src=\"https:\/\/dominiot.fr\/wp-content\/uploads\/2023\/12\/Industrie-1024x358.png\" alt=\"\" class=\"wp-image-456\" style=\"width:417px;height:auto\" srcset=\"https:\/\/dominiot.fr\/wp-content\/uploads\/2023\/12\/Industrie-980x343.png 980w, https:\/\/dominiot.fr\/wp-content\/uploads\/2023\/12\/Industrie-480x168.png 480w\" sizes=\"(min-width: 0px) and (max-width: 480px) 480px, (min-width: 481px) and (max-width: 980px) 980px, (min-width: 981px) 1024px, 100vw\" \/><\/figure>\n<\/div>\n<\/div>\n\n\n\n<div style=\"height:37px\" aria-hidden=\"true\" class=\"wp-block-spacer\"><\/div>\n\n\n\n<h1 class=\"wp-block-heading\">L&#8217;IoT  appliqu\u00e9  \u00e0 l&#8217;Industrie 4.0:<\/h1>\n\n\n\n<div style=\"height:58px\" aria-hidden=\"true\" class=\"wp-block-spacer\"><\/div>\n\n\n\n<h2 class=\"wp-block-heading\"><strong>Surveillance en Temps R\u00e9el des \u00c9quipements<\/strong><\/h2>\n\n\n\n<p>Les capteurs IoT install\u00e9s sur les machines industrielles permettent une surveillance en temps r\u00e9el de leur \u00e9tat. Cela facilite la d\u00e9tection pr\u00e9coce des pannes, la planification de la maintenance pr\u00e9ventive, et l&#8217;optimisation de la dur\u00e9e de vie des \u00e9quipements.<\/p>\n\n\n\n<h2 class=\"wp-block-heading\"><strong>Automatisation des Processus de Production<\/strong><\/h2>\n\n\n\n<p>L&#8217;IoT est utilis\u00e9 pour automatiser les lignes de production, am\u00e9liorant ainsi l&#8217;efficacit\u00e9 op\u00e9rationnelle et la productivit\u00e9. Les capteurs et les dispositifs IoT collaboratifs travaillent de concert de mani\u00e8re synchronis\u00e9e afin d&#8217;optimiser les flux de travail.<\/p>\n\n\n\n<h2 class=\"wp-block-heading\"><strong>Gestion de la Cha\u00eene d&#8217;Approvisionnement<\/strong><\/h2>\n\n\n\n<p>Les capteurs IoT sont int\u00e9gr\u00e9s tout au long de la cha\u00eene d&#8217;approvisionnement afin de fournir une visibilit\u00e9 en temps r\u00e9el sur les mati\u00e8res premi\u00e8res, les produits semi-finis et les produits finis. Le gain apport\u00e9 est une gestion proactive des stocks ainsi qu&#8217;une r\u00e9duction des co\u00fbts.<\/p>\n\n\n\n<h2 class=\"wp-block-heading\"><strong>Maintenance Pr\u00e9dictive<\/strong><\/h2>\n\n\n\n<p>L&#8217;IoT facilite la mise en \u0153uvre de la maintenance pr\u00e9dictive. Les capteurs collectent des donn\u00e9es sur les performances des machines. Cela permet aux entreprises d&#8217;anticiper les d\u00e9faillances potentielles et de planifier la maintenance de mani\u00e8re \u00e0 minimiser les temps d&#8217;arr\u00eat.<\/p>\n\n\n\n<h2 class=\"wp-block-heading\"><strong>Qualit\u00e9 des Produits<\/strong><\/h2>\n\n\n\n<p>Les capteurs IoT sont utilis\u00e9s pour surveiller en temps r\u00e9el les param\u00e8tres de qualit\u00e9 des produits. Cela permet d&#8217;identifier rapidement les d\u00e9fauts et d&#8217;ajuster les processus de production pour garantir la conformit\u00e9 aux normes de qualit\u00e9.<\/p>\n\n\n\n<h2 class=\"wp-block-heading\"><strong>Suivi des Actifs<\/strong><\/h2>\n\n\n\n<p>&nbsp;L&#8217;IoT permet de suivre les actifs industriels, tels que les conteneurs, les palettes, et les \u00e9quipements, tout au long de leur parcours. Cela am\u00e9liore la visibilit\u00e9 de la localisation des actifs et optimise les flux logistiques.<\/p>\n\n\n\n<h2 class=\"wp-block-heading\"><strong>Optimisation \u00c9nerg\u00e9tique<\/strong><\/h2>\n\n\n\n<p>Les dispositifs IoT surveillent la consommation \u00e9nerg\u00e9tique des installations industrielles et identifient les opportunit\u00e9s d&#8217;optimisation. Cela contribue \u00e0 r\u00e9duire les co\u00fbts \u00e9nerg\u00e9tiques et \u00e0 promouvoir la durabilit\u00e9.<\/p>\n\n\n\n<h2 class=\"wp-block-heading\"><strong>Fabrication Personnalis\u00e9e<\/strong><\/h2>\n\n\n\n<p>L&#8217;IoT facilite la mise en \u0153uvre de la fabrication personnalis\u00e9e en permettant des ajustements rapides et pr\u00e9cis des param\u00e8tres de production pour r\u00e9pondre aux demandes sp\u00e9cifiques des clients.<\/p>\n\n\n\n<h2 class=\"wp-block-heading\"><strong>Formation et S\u00e9curit\u00e9 des Travailleurs<\/strong><\/h2>\n\n\n\n<p>L&#8217;IoT est utilis\u00e9 pour surveiller la s\u00e9curit\u00e9 des travailleurs, fournir des formations en r\u00e9alit\u00e9 virtuelle, et identifier les zones \u00e0 risque, contribuant ainsi \u00e0 am\u00e9liorer la s\u00e9curit\u00e9 industrielle.<\/p>\n\n\n\n<h2 class=\"wp-block-heading\"><strong>Analyse de Donn\u00e9es pour la Prise de D\u00e9cision<\/strong><\/h2>\n\n\n\n<p>L&#8217;analyse des donn\u00e9es g\u00e9n\u00e9r\u00e9es par l&#8217;IoT permet de fournir des informations exploitables. Les dirigeants peuvent prendre des d\u00e9cisions \u00e9clair\u00e9es bas\u00e9es sur des donn\u00e9es en temps r\u00e9el et des tendances historiques.<\/p>\n","protected":false},"excerpt":{"rendered":"<p>DominIoT s\u2019int\u00e8gre parfaitement au concept de l&#8217;Industrie 4.0 qui offre un environnement o\u00f9 la connectivit\u00e9 des objets physiques, la collecte de donn\u00e9es en temps r\u00e9el et l&#8217;automatisation des processus industriels sont int\u00e9gr\u00e9es pour optimiser l&#8217;efficacit\u00e9 et la prise de d\u00e9cision. Il permet aux entreprises industrielles de r\u00e9aliser des gains significatifs en termes d&#8217;efficacit\u00e9, de qualit\u00e9, [&hellip;]<\/p>\n","protected":false},"author":1,"featured_media":501,"parent":0,"menu_order":0,"comment_status":"closed","ping_status":"closed","template":"","meta":{"_et_pb_use_builder":"off","_et_pb_old_content":"","_et_gb_content_width":"","_monsterinsights_skip_tracking":false,"_monsterinsights_sitenote_active":false,"_monsterinsights_sitenote_note":"","_monsterinsights_sitenote_category":0,"footnotes":""},"yoast_head":"<!-- This site is optimized with the Yoast SEO plugin v21.7 - https:\/\/yoast.com\/wordpress\/plugins\/seo\/ -->\n<title>Surveillance - Automatisation - Performance industrielle<\/title>\n<meta name=\"description\" content=\"DominIoT propose un syst\u00e8me IoT ou IdO intelligent et s\u00e9curis\u00e9 permettant aux entreprises industrielles de r\u00e9aliser des gains significatifs en termes d&#039;efficacit\u00e9, de qualit\u00e9, et d&#039;innovation, se positionnant au c\u0153ur de la quatri\u00e8me r\u00e9volution industrielle.\" \/>\n<meta name=\"robots\" content=\"index, follow, max-snippet:-1, max-image-preview:large, max-video-preview:-1\" \/>\n<link rel=\"canonical\" href=\"https:\/\/dominiot.fr\/index.php\/cu-industrie\/\" \/>\n<meta property=\"og:locale\" content=\"en_US\" \/>\n<meta property=\"og:type\" content=\"article\" \/>\n<meta property=\"og:title\" content=\"Surveillance - Automatisation - Performance industrielle\" \/>\n<meta property=\"og:description\" content=\"DominIoT propose un syst\u00e8me IoT ou IdO intelligent et s\u00e9curis\u00e9 permettant aux entreprises industrielles de r\u00e9aliser des gains significatifs en termes d&#039;efficacit\u00e9, de qualit\u00e9, et d&#039;innovation, se positionnant au c\u0153ur de la quatri\u00e8me r\u00e9volution industrielle.\" \/>\n<meta property=\"og:url\" content=\"https:\/\/dominiot.fr\/index.php\/cu-industrie\/\" \/>\n<meta property=\"og:site_name\" content=\"DominIoT\" \/>\n<meta property=\"article:modified_time\" content=\"2024-01-11T13:48:26+00:00\" \/>\n<meta property=\"og:image\" content=\"https:\/\/dominiot.fr\/wp-content\/uploads\/2023\/12\/factory-1140760_1280.jpg\" \/>\n\t<meta property=\"og:image:width\" content=\"1280\" \/>\n\t<meta property=\"og:image:height\" content=\"960\" \/>\n\t<meta property=\"og:image:type\" content=\"image\/jpeg\" \/>\n<meta name=\"twitter:card\" content=\"summary_large_image\" \/>\n<meta name=\"twitter:label1\" content=\"Est. reading time\" \/>\n\t<meta name=\"twitter:data1\" content=\"4 minutes\" \/>\n<script type=\"application\/ld+json\" class=\"yoast-schema-graph\">{\"@context\":\"https:\/\/schema.org\",\"@graph\":[{\"@type\":\"WebPage\",\"@id\":\"https:\/\/dominiot.fr\/index.php\/cu-industrie\/\",\"url\":\"https:\/\/dominiot.fr\/index.php\/cu-industrie\/\",\"name\":\"Surveillance - Automatisation - Performance industrielle\",\"isPartOf\":{\"@id\":\"https:\/\/dominiot.fr\/#website\"},\"datePublished\":\"2023-12-16T00:30:49+00:00\",\"dateModified\":\"2024-01-11T13:48:26+00:00\",\"description\":\"DominIoT propose un syst\u00e8me IoT ou IdO intelligent et s\u00e9curis\u00e9 permettant aux entreprises industrielles de r\u00e9aliser des gains significatifs en termes d'efficacit\u00e9, de qualit\u00e9, et d'innovation, se positionnant au c\u0153ur de la quatri\u00e8me r\u00e9volution industrielle.\",\"breadcrumb\":{\"@id\":\"https:\/\/dominiot.fr\/index.php\/cu-industrie\/#breadcrumb\"},\"inLanguage\":\"en-US\",\"potentialAction\":[{\"@type\":\"ReadAction\",\"target\":[\"https:\/\/dominiot.fr\/index.php\/cu-industrie\/\"]}]},{\"@type\":\"BreadcrumbList\",\"@id\":\"https:\/\/dominiot.fr\/index.php\/cu-industrie\/#breadcrumb\",\"itemListElement\":[{\"@type\":\"ListItem\",\"position\":1,\"name\":\"Accueil\",\"item\":\"https:\/\/dominiot.fr\/\"},{\"@type\":\"ListItem\",\"position\":2,\"name\":\"Industrie\"}]},{\"@type\":\"WebSite\",\"@id\":\"https:\/\/dominiot.fr\/#website\",\"url\":\"https:\/\/dominiot.fr\/\",\"name\":\"DominIoT\",\"description\":\"\",\"potentialAction\":[{\"@type\":\"SearchAction\",\"target\":{\"@type\":\"EntryPoint\",\"urlTemplate\":\"https:\/\/dominiot.fr\/?s={search_term_string}\"},\"query-input\":\"required name=search_term_string\"}],\"inLanguage\":\"en-US\"}]}<\/script>\n<!-- \/ Yoast SEO plugin. -->","yoast_head_json":{"title":"Surveillance - Automatisation - Performance industrielle","description":"DominIoT propose un syst\u00e8me IoT ou IdO intelligent et s\u00e9curis\u00e9 permettant aux entreprises industrielles de r\u00e9aliser des gains significatifs en termes d'efficacit\u00e9, de qualit\u00e9, et d'innovation, se positionnant au c\u0153ur de la quatri\u00e8me r\u00e9volution industrielle.","robots":{"index":"index","follow":"follow","max-snippet":"max-snippet:-1","max-image-preview":"max-image-preview:large","max-video-preview":"max-video-preview:-1"},"canonical":"https:\/\/dominiot.fr\/index.php\/cu-industrie\/","og_locale":"en_US","og_type":"article","og_title":"Surveillance - Automatisation - Performance industrielle","og_description":"DominIoT propose un syst\u00e8me IoT ou IdO intelligent et s\u00e9curis\u00e9 permettant aux entreprises industrielles de r\u00e9aliser des gains significatifs en termes d'efficacit\u00e9, de qualit\u00e9, et d'innovation, se positionnant au c\u0153ur de la quatri\u00e8me r\u00e9volution industrielle.","og_url":"https:\/\/dominiot.fr\/index.php\/cu-industrie\/","og_site_name":"DominIoT","article_modified_time":"2024-01-11T13:48:26+00:00","og_image":[{"width":1280,"height":960,"url":"https:\/\/dominiot.fr\/wp-content\/uploads\/2023\/12\/factory-1140760_1280.jpg","type":"image\/jpeg"}],"twitter_card":"summary_large_image","twitter_misc":{"Est. reading time":"4 minutes"},"schema":{"@context":"https:\/\/schema.org","@graph":[{"@type":"WebPage","@id":"https:\/\/dominiot.fr\/index.php\/cu-industrie\/","url":"https:\/\/dominiot.fr\/index.php\/cu-industrie\/","name":"Surveillance - Automatisation - Performance industrielle","isPartOf":{"@id":"https:\/\/dominiot.fr\/#website"},"datePublished":"2023-12-16T00:30:49+00:00","dateModified":"2024-01-11T13:48:26+00:00","description":"DominIoT propose un syst\u00e8me IoT ou IdO intelligent et s\u00e9curis\u00e9 permettant aux entreprises industrielles de r\u00e9aliser des gains significatifs en termes d'efficacit\u00e9, de qualit\u00e9, et d'innovation, se positionnant au c\u0153ur de la quatri\u00e8me r\u00e9volution industrielle.","breadcrumb":{"@id":"https:\/\/dominiot.fr\/index.php\/cu-industrie\/#breadcrumb"},"inLanguage":"en-US","potentialAction":[{"@type":"ReadAction","target":["https:\/\/dominiot.fr\/index.php\/cu-industrie\/"]}]},{"@type":"BreadcrumbList","@id":"https:\/\/dominiot.fr\/index.php\/cu-industrie\/#breadcrumb","itemListElement":[{"@type":"ListItem","position":1,"name":"Accueil","item":"https:\/\/dominiot.fr\/"},{"@type":"ListItem","position":2,"name":"Industrie"}]},{"@type":"WebSite","@id":"https:\/\/dominiot.fr\/#website","url":"https:\/\/dominiot.fr\/","name":"DominIoT","description":"","potentialAction":[{"@type":"SearchAction","target":{"@type":"EntryPoint","urlTemplate":"https:\/\/dominiot.fr\/?s={search_term_string}"},"query-input":"required name=search_term_string"}],"inLanguage":"en-US"}]}},"_links":{"self":[{"href":"https:\/\/dominiot.fr\/index.php\/wp-json\/wp\/v2\/pages\/120"}],"collection":[{"href":"https:\/\/dominiot.fr\/index.php\/wp-json\/wp\/v2\/pages"}],"about":[{"href":"https:\/\/dominiot.fr\/index.php\/wp-json\/wp\/v2\/types\/page"}],"author":[{"embeddable":true,"href":"https:\/\/dominiot.fr\/index.php\/wp-json\/wp\/v2\/users\/1"}],"replies":[{"embeddable":true,"href":"https:\/\/dominiot.fr\/index.php\/wp-json\/wp\/v2\/comments?post=120"}],"version-history":[{"count":17,"href":"https:\/\/dominiot.fr\/index.php\/wp-json\/wp\/v2\/pages\/120\/revisions"}],"predecessor-version":[{"id":911,"href":"https:\/\/dominiot.fr\/index.php\/wp-json\/wp\/v2\/pages\/120\/revisions\/911"}],"wp:featuredmedia":[{"embeddable":true,"href":"https:\/\/dominiot.fr\/index.php\/wp-json\/wp\/v2\/media\/501"}],"wp:attachment":[{"href":"https:\/\/dominiot.fr\/index.php\/wp-json\/wp\/v2\/media?parent=120"}],"curies":[{"name":"wp","href":"https:\/\/api.w.org\/{rel}","templated":true}]}}