{"id":131,"date":"2023-12-16T01:34:52","date_gmt":"2023-12-16T00:34:52","guid":{"rendered":"https:\/\/dominiot.fr\/?page_id=131"},"modified":"2024-01-11T01:04:37","modified_gmt":"2024-01-11T00:04:37","slug":"cu-gtb","status":"publish","type":"page","link":"https:\/\/dominiot.fr\/index.php\/cu-gtb\/","title":{"rendered":"Gestion Technique du B\u00e2timent, la GTB"},"content":{"rendered":"\n<figure class=\"wp-block-image aligncenter size-large is-resized\"><img loading=\"lazy\" decoding=\"async\" width=\"1024\" height=\"678\" src=\"https:\/\/dominiot.fr\/wp-content\/uploads\/2023\/12\/architecture-4438557_1280-1024x678.jpg\" alt=\"\" class=\"wp-image-426\" style=\"width:536px;height:auto\" srcset=\"https:\/\/dominiot.fr\/wp-content\/uploads\/2023\/12\/architecture-4438557_1280-1024x678.jpg 1024w, https:\/\/dominiot.fr\/wp-content\/uploads\/2023\/12\/architecture-4438557_1280-980x649.jpg 980w, https:\/\/dominiot.fr\/wp-content\/uploads\/2023\/12\/architecture-4438557_1280-480x318.jpg 480w\" sizes=\"(min-width: 0px) and (max-width: 480px) 480px, (min-width: 481px) and (max-width: 980px) 980px, (min-width: 981px) 1024px, 100vw\" \/><\/figure>\n\n\n\n<div style=\"height:43px\" aria-hidden=\"true\" class=\"wp-block-spacer\"><\/div>\n\n\n\n<h2 class=\"wp-block-heading has-text-align-center\" style=\"font-size:26px\">DominIoT propose aux gestionnaires de b\u00e2timents une solution de GTB leur assurant une meilleure efficacit\u00e9 op\u00e9rationnelle, la r\u00e9duction des co\u00fbts \u00e9nerg\u00e9tiques, et un environnement de travail plus intelligent et durable.<\/h2>\n\n\n\n<div style=\"height:38px\" aria-hidden=\"true\" class=\"wp-block-spacer\"><\/div>\n\n\n\n<div class=\"wp-block-columns is-layout-flex wp-container-core-columns-layout-1 wp-block-columns-is-layout-flex\">\n<div class=\"wp-block-column is-layout-flow wp-block-column-is-layout-flow\">\n<div style=\"height:40px\" aria-hidden=\"true\" class=\"wp-block-spacer\"><\/div>\n\n\n\n<p>L&#8217;apport de l&#8217;IoT dans la GTB permet d&#8217;optimiser les performances des \u00e9quipements techniques pr\u00e9sents dans un b\u00e2timent en offrant des solutions innovantes pour :<\/p>\n\n\n\n<ul>\n<li>L&#8217;am\u00e9lioration des performances \u00e9nerg\u00e9tiques,<\/li>\n\n\n\n<li>Le bien-\u00eatre et confort des occupants,<\/li>\n\n\n\n<li>La simplification de la gestion des installations. <\/li>\n<\/ul>\n<\/div>\n\n\n\n<div class=\"wp-block-column is-layout-flow wp-block-column-is-layout-flow\">\n<figure class=\"wp-block-image size-large is-resized\"><img loading=\"lazy\" decoding=\"async\" width=\"1024\" height=\"749\" src=\"https:\/\/dominiot.fr\/wp-content\/uploads\/2024\/01\/City-FR-1024x749.png\" alt=\"\" class=\"wp-image-883\" style=\"width:384px;height:auto\" srcset=\"https:\/\/dominiot.fr\/wp-content\/uploads\/2024\/01\/City-FR-980x717.png 980w, https:\/\/dominiot.fr\/wp-content\/uploads\/2024\/01\/City-FR-480x351.png 480w\" sizes=\"(min-width: 0px) and (max-width: 480px) 480px, (min-width: 481px) and (max-width: 980px) 980px, (min-width: 981px) 1024px, 100vw\" \/><\/figure>\n<\/div>\n<\/div>\n\n\n\n<div style=\"height:40px\" aria-hidden=\"true\" class=\"wp-block-spacer\"><\/div>\n\n\n\n<h1 class=\"wp-block-heading\">Appliquer l&#8217;IoT dans le cadre  de la GTB:<\/h1>\n\n\n\n<div style=\"height:52px\" aria-hidden=\"true\" class=\"wp-block-spacer\"><\/div>\n\n\n\n<h2 class=\"wp-block-heading\"><strong>Surveillance en Temps R\u00e9el des \u00c9quipements<\/strong><\/h2>\n\n\n\n<p>Des capteurs IoT install\u00e9s sur les \u00e9quipements du b\u00e2timent, tels que les syst\u00e8mes de chauffage, de ventilation et de climatisation (CVC) assurent leur surveillance en temps r\u00e9el. Cela facilite ainsi la d\u00e9tection pr\u00e9coce des anomalies, la maintenance pr\u00e9dictive et l&#8217;optimisation des consommations \u00e9nerg\u00e9tiques.<\/p>\n\n\n\n<h2 class=\"wp-block-heading\"><strong>Gestion Intelligente de l&#8217;\u00c9clairage<\/strong><\/h2>\n\n\n\n<p>Des capteurs et actionneurs IoT t\u00e9l\u00e9op\u00e9r\u00e9s automatiquement permettent la mise en place d&#8217;un \u00e9clairage intelligent. Des capteurs de lumi\u00e8re naturelle et de pr\u00e9sence ajustent automatiquement l&#8217;intensit\u00e9 lumineuse. Cela contribue \u00e0 des \u00e9conomies d&#8217;\u00e9nergie significatives.<\/p>\n\n\n\n<h2 class=\"wp-block-heading\"><strong>Contr\u00f4le Centralis\u00e9 des Syst\u00e8mes CVC<\/strong><\/h2>\n\n\n\n<p>L&#8217;IoT facilite la gestion centralis\u00e9e des syst\u00e8mes de CVC. Les capteurs de temp\u00e9rature et d&#8217;humidit\u00e9 ajustent automatiquement les param\u00e8tres pour maintenir des conditions de confort optimales et r\u00e9duire la consommation d&#8217;\u00e9nergie.<\/p>\n\n\n\n<h2 class=\"wp-block-heading\"><strong>Gestion des Consommations \u00c9nerg\u00e9tiques<\/strong><\/h2>\n\n\n\n<p>Les compteurs intelligents et les capteurs de consommation \u00e9nerg\u00e9tique permettent de surveiller et d&#8217;analyser les habitudes de consommation. Le gain \u00e9tant une gestion plus pr\u00e9cise des co\u00fbts \u00e9nerg\u00e9tiques et la mise en place de strat\u00e9gies d&#8217;efficacit\u00e9 \u00e9nerg\u00e9tique.<\/p>\n\n\n\n<h2 class=\"wp-block-heading\"><strong>Maintenance Pr\u00e9dictive des \u00c9quipements<\/strong><\/h2>\n\n\n\n<p>L&#8217;IoT est utilis\u00e9 pour surveiller l&#8217;\u00e9tat des \u00e9quipements du b\u00e2timent, anticipant ainsi les besoins de maintenance et r\u00e9duisant les temps d&#8217;indisponibilit\u00e9.<\/p>\n\n\n\n<h2 class=\"wp-block-heading\">Gestion des Salles de R\u00e9union<\/h2>\n\n\n\n<p>Des capteurs IoT dans les salles de r\u00e9union permettent d&#8217;optimiser l&#8217;utilisation de l&#8217;espace. Les donn\u00e9es sur la fr\u00e9quentation et l&#8217;utilisation des \u00e9quipements contribuent \u00e0 am\u00e9liorer l&#8217;efficacit\u00e9 de l&#8217;am\u00e9nagement des espaces.<\/p>\n\n\n\n<h2 class=\"wp-block-heading\">Contr\u00f4le d&#8217;Acc\u00e8s Intelligent<\/h2>\n\n\n\n<p>L&#8217;IoT appliqu\u00e9 au contr\u00f4le d&#8217;acc\u00e8s, permet une gestion flexible et s\u00e9curis\u00e9e des entr\u00e9es et sorties du b\u00e2timent.<\/p>\n\n\n\n<h2 class=\"wp-block-heading\">D\u00e9tection des Fuites d&#8217;Eau<\/h2>\n\n\n\n<p>Des capteurs IoT permettent de d\u00e9tecter rapidement les fuites d&#8217;eau, minimisant ainsi les d\u00e9g\u00e2ts potentiels et r\u00e9duisant les co\u00fbts de r\u00e9paration.<\/p>\n\n\n\n<h2 class=\"wp-block-heading\">Syst\u00e8mes d&#8217;Alerte et de Notification<\/h2>\n\n\n\n<p>L&#8217;IoT permet la mise en place de syst\u00e8mes d&#8217;alerte en cas d&#8217;incidents, tels que des pannes d&#8217;\u00e9quipement, des variations inhabituelles de temp\u00e9rature, ou des situations d&#8217;urgence.<\/p>\n\n\n\n<h2 class=\"wp-block-heading\">Analyse de Donn\u00e9es pour l&#8217;Optimisation<\/h2>\n\n\n\n<p>L&#8217;analyse des donn\u00e9es collect\u00e9es par les dispositifs IoT permet d&#8217;identifier des tendances, optimiser les op\u00e9rations, et prendre des d\u00e9cisions ad\u00e9quates en mati\u00e8re de gestion du b\u00e2timent.<\/p>\n","protected":false},"excerpt":{"rendered":"<p>DominIoT propose aux gestionnaires de b\u00e2timents une solution de GTB leur assurant une meilleure efficacit\u00e9 op\u00e9rationnelle, la r\u00e9duction des co\u00fbts \u00e9nerg\u00e9tiques, et un environnement de travail plus intelligent et durable. L&#8217;apport de l&#8217;IoT dans la GTB permet d&#8217;optimiser les performances des \u00e9quipements techniques pr\u00e9sents dans un b\u00e2timent en offrant des solutions innovantes pour : Appliquer [&hellip;]<\/p>\n","protected":false},"author":1,"featured_media":428,"parent":0,"menu_order":0,"comment_status":"closed","ping_status":"closed","template":"","meta":{"_et_pb_use_builder":"off","_et_pb_old_content":"<!-- wp:image {\"align\":\"center\",\"id\":426,\"width\":\"536px\",\"height\":\"auto\",\"sizeSlug\":\"large\",\"linkDestination\":\"none\"} -->\n<figure class=\"wp-block-image aligncenter size-large is-resized\"><img src=\"https:\/\/dominiot.fr\/wp-content\/uploads\/2023\/12\/architecture-4438557_1280-1024x678.jpg\" alt=\"\" class=\"wp-image-426\" style=\"width:536px;height:auto\"\/><\/figure>\n<!-- \/wp:image -->\n\n<!-- wp:heading {\"textAlign\":\"center\",\"style\":{\"typography\":{\"fontSize\":\"26px\"}}} -->\n<h2 class=\"wp-block-heading has-text-align-center\" style=\"font-size:26px\">DominIoT propose aux gestionnaires de b\u00e2timents une solution de GTB leur assurant une meilleure efficacit\u00e9 op\u00e9rationnelle, la r\u00e9duction des co\u00fbts \u00e9nerg\u00e9tiques, et un environnement de travail plus intelligent et durable.<\/h2>\n<!-- \/wp:heading -->\n\n<!-- wp:spacer {\"height\":\"38px\"} -->\n<div style=\"height:38px\" aria-hidden=\"true\" class=\"wp-block-spacer\"><\/div>\n<!-- \/wp:spacer -->\n\n<!-- wp:columns -->\n<div class=\"wp-block-columns\"><!-- wp:column -->\n<div class=\"wp-block-column\"><!-- wp:paragraph -->\n<p>L'apport de l'IoT dans la GTB permet d'optimiser les performances des \u00e9quipements techniques pr\u00e9sents dans un b\u00e2timent en offrant des solutions innovantes pour :<\/p>\n<!-- \/wp:paragraph -->\n\n<!-- wp:list -->\n<ul><!-- wp:list-item -->\n<li>L'am\u00e9lioration des performances \u00e9nerg\u00e9tiques,<\/li>\n<!-- \/wp:list-item -->\n\n<!-- wp:list-item -->\n<li>Le bien-\u00eatre et confort des occupants,<\/li>\n<!-- \/wp:list-item -->\n\n<!-- wp:list-item -->\n<li>La simplification de la gestion des installations. <\/li>\n<!-- \/wp:list-item --><\/ul>\n<!-- \/wp:list --><\/div>\n<!-- \/wp:column -->\n\n<!-- wp:column -->\n<div class=\"wp-block-column\"><!-- wp:image {\"id\":883,\"width\":\"384px\",\"height\":\"auto\",\"sizeSlug\":\"large\",\"linkDestination\":\"none\"} -->\n<figure class=\"wp-block-image size-large is-resized\"><img src=\"https:\/\/dominiot.fr\/wp-content\/uploads\/2024\/01\/City-FR-1024x749.png\" alt=\"\" class=\"wp-image-883\" style=\"width:384px;height:auto\"\/><\/figure>\n<!-- \/wp:image --><\/div>\n<!-- \/wp:column --><\/div>\n<!-- \/wp:columns -->\n\n<!-- wp:spacer {\"height\":\"40px\"} -->\n<div style=\"height:40px\" aria-hidden=\"true\" class=\"wp-block-spacer\"><\/div>\n<!-- \/wp:spacer -->\n\n<!-- wp:heading {\"level\":1} -->\n<h1 class=\"wp-block-heading\">Appliquer l'IoT dans le cadre  de la GTB:<\/h1>\n<!-- \/wp:heading -->\n\n<!-- wp:spacer {\"height\":\"52px\"} -->\n<div style=\"height:52px\" aria-hidden=\"true\" class=\"wp-block-spacer\"><\/div>\n<!-- \/wp:spacer -->\n\n<!-- wp:heading -->\n<h2 class=\"wp-block-heading\"><strong>Surveillance en Temps R\u00e9el des \u00c9quipements<\/strong><\/h2>\n<!-- \/wp:heading -->\n\n<!-- wp:paragraph -->\n<p>Des capteurs IoT install\u00e9s sur les \u00e9quipements du b\u00e2timent, tels que les syst\u00e8mes de chauffage, de ventilation et de climatisation (CVC) assurent leur surveillance en temps r\u00e9el. Cela facilite ainsi la d\u00e9tection pr\u00e9coce des anomalies, la maintenance pr\u00e9dictive et l'optimisation des consommations \u00e9nerg\u00e9tiques.<\/p>\n<!-- \/wp:paragraph -->\n\n<!-- wp:heading -->\n<h2 class=\"wp-block-heading\"><strong>Gestion Intelligente de l'\u00c9clairage<\/strong><\/h2>\n<!-- \/wp:heading -->\n\n<!-- wp:paragraph -->\n<p>Des capteurs et actionneurs IoT t\u00e9l\u00e9op\u00e9r\u00e9s automatiquement permettent la mise en place d'un \u00e9clairage intelligent. Des capteurs de lumi\u00e8re naturelle et de pr\u00e9sence ajustent automatiquement l'intensit\u00e9 lumineuse. Cela contribue \u00e0 des \u00e9conomies d'\u00e9nergie significatives.<\/p>\n<!-- \/wp:paragraph -->\n\n<!-- wp:heading -->\n<h2 class=\"wp-block-heading\"><strong>Contr\u00f4le Centralis\u00e9 des Syst\u00e8mes CVC<\/strong><\/h2>\n<!-- \/wp:heading -->\n\n<!-- wp:paragraph -->\n<p>L'IoT facilite la gestion centralis\u00e9e des syst\u00e8mes de CVC. Les capteurs de temp\u00e9rature et d'humidit\u00e9 ajustent automatiquement les param\u00e8tres pour maintenir des conditions de confort optimales et r\u00e9duire la consommation d'\u00e9nergie.<\/p>\n<!-- \/wp:paragraph -->\n\n<!-- wp:heading -->\n<h2 class=\"wp-block-heading\"><strong>Gestion des Consommations \u00c9nerg\u00e9tiques<\/strong><\/h2>\n<!-- \/wp:heading -->\n\n<!-- wp:paragraph -->\n<p>Les compteurs intelligents et les capteurs de consommation \u00e9nerg\u00e9tique permettent de surveiller et d'analyser les habitudes de consommation. Le gain \u00e9tant une gestion plus pr\u00e9cise des co\u00fbts \u00e9nerg\u00e9tiques et la mise en place de strat\u00e9gies d'efficacit\u00e9 \u00e9nerg\u00e9tique.<\/p>\n<!-- \/wp:paragraph -->\n\n<!-- wp:heading -->\n<h2 class=\"wp-block-heading\"><strong>Maintenance Pr\u00e9dictive des \u00c9quipements<\/strong><\/h2>\n<!-- \/wp:heading -->\n\n<!-- wp:paragraph -->\n<p>L'IoT est utilis\u00e9 pour surveiller l'\u00e9tat des \u00e9quipements du b\u00e2timent, anticipant ainsi les besoins de maintenance et r\u00e9duisant les temps d'indisponibilit\u00e9.<\/p>\n<!-- \/wp:paragraph -->\n\n<!-- wp:heading -->\n<h2 class=\"wp-block-heading\">Gestion des Salles de R\u00e9union<\/h2>\n<!-- \/wp:heading -->\n\n<!-- wp:paragraph -->\n<p>Des capteurs IoT dans les salles de r\u00e9union permettent d'optimiser l'utilisation de l'espace. Les donn\u00e9es sur la fr\u00e9quentation et l'utilisation des \u00e9quipements contribuent \u00e0 am\u00e9liorer l'efficacit\u00e9 de l'am\u00e9nagement des espaces.<\/p>\n<!-- \/wp:paragraph -->\n\n<!-- wp:heading -->\n<h2 class=\"wp-block-heading\">Contr\u00f4le d'Acc\u00e8s Intelligent<\/h2>\n<!-- \/wp:heading -->\n\n<!-- wp:paragraph -->\n<p>L'IoT appliqu\u00e9 au contr\u00f4le d'acc\u00e8s, permet une gestion flexible et s\u00e9curis\u00e9e des entr\u00e9es et sorties du b\u00e2timent.<\/p>\n<!-- \/wp:paragraph -->\n\n<!-- wp:heading -->\n<h2 class=\"wp-block-heading\">D\u00e9tection des Fuites d'Eau<\/h2>\n<!-- \/wp:heading -->\n\n<!-- wp:paragraph -->\n<p>Des capteurs IoT permettent de d\u00e9tecter rapidement les fuites d'eau, minimisant ainsi les d\u00e9g\u00e2ts potentiels et r\u00e9duisant les co\u00fbts de r\u00e9paration.<\/p>\n<!-- \/wp:paragraph -->\n\n<!-- wp:heading -->\n<h2 class=\"wp-block-heading\">Syst\u00e8mes d'Alerte et de Notification<\/h2>\n<!-- \/wp:heading -->\n\n<!-- wp:paragraph -->\n<p>L'IoT permet la mise en place de syst\u00e8mes d'alerte en cas d'incidents, tels que des pannes d'\u00e9quipement, des variations inhabituelles de temp\u00e9rature, ou des situations d'urgence.<\/p>\n<!-- \/wp:paragraph -->\n\n<!-- wp:heading -->\n<h2 class=\"wp-block-heading\">Analyse de Donn\u00e9es pour l'Optimisation<\/h2>\n<!-- \/wp:heading -->\n\n<!-- wp:paragraph -->\n<p>L'analyse des donn\u00e9es collect\u00e9es par les dispositifs IoT permet d'identifier des tendances, optimiser les op\u00e9rations, et prendre des d\u00e9cisions ad\u00e9quates en mati\u00e8re de gestion du b\u00e2timent.<\/p>\n<!-- \/wp:paragraph -->","_et_gb_content_width":"","_monsterinsights_skip_tracking":false,"_monsterinsights_sitenote_active":false,"_monsterinsights_sitenote_note":"","_monsterinsights_sitenote_category":0,"footnotes":""},"yoast_head":"<!-- This site is optimized with the Yoast SEO plugin v21.7 - https:\/\/yoast.com\/wordpress\/plugins\/seo\/ -->\n<title>GTB - Gestion Intelligente du B\u00e2timent - Performance b\u00e2timent<\/title>\n<meta name=\"description\" content=\"DominIoT optimise les performances des \u00e9quipements techniques pr\u00e9sents dans votre b\u00e2timent en offrant des solutions innovantes pour optimiser les performances \u00e9nerg\u00e9tiques, am\u00e9liorer le confort des occupants, et simplifier la gestion des installations\" \/>\n<meta name=\"robots\" content=\"index, follow, max-snippet:-1, max-image-preview:large, max-video-preview:-1\" \/>\n<link rel=\"canonical\" href=\"https:\/\/dominiot.fr\/index.php\/cu-gtb\/\" \/>\n<meta property=\"og:locale\" content=\"en_US\" \/>\n<meta property=\"og:type\" content=\"article\" \/>\n<meta property=\"og:title\" content=\"GTB - Gestion Intelligente du B\u00e2timent - Performance b\u00e2timent\" \/>\n<meta property=\"og:description\" content=\"DominIoT optimise les performances des \u00e9quipements techniques pr\u00e9sents dans votre b\u00e2timent en offrant des solutions innovantes pour optimiser les performances \u00e9nerg\u00e9tiques, am\u00e9liorer le confort des occupants, et simplifier la gestion des installations\" \/>\n<meta property=\"og:url\" content=\"https:\/\/dominiot.fr\/index.php\/cu-gtb\/\" \/>\n<meta property=\"og:site_name\" content=\"DominIoT\" \/>\n<meta property=\"article:modified_time\" content=\"2024-01-11T00:04:37+00:00\" \/>\n<meta property=\"og:image\" content=\"https:\/\/dominiot.fr\/wp-content\/uploads\/2023\/12\/architecture-22039_1280.jpg\" \/>\n\t<meta property=\"og:image:width\" content=\"1280\" \/>\n\t<meta property=\"og:image:height\" content=\"853\" \/>\n\t<meta property=\"og:image:type\" content=\"image\/jpeg\" \/>\n<meta name=\"twitter:card\" content=\"summary_large_image\" \/>\n<meta name=\"twitter:label1\" content=\"Est. reading time\" \/>\n\t<meta name=\"twitter:data1\" content=\"3 minutes\" \/>\n<script type=\"application\/ld+json\" class=\"yoast-schema-graph\">{\"@context\":\"https:\/\/schema.org\",\"@graph\":[{\"@type\":\"WebPage\",\"@id\":\"https:\/\/dominiot.fr\/index.php\/cu-gtb\/\",\"url\":\"https:\/\/dominiot.fr\/index.php\/cu-gtb\/\",\"name\":\"GTB - Gestion Intelligente du B\u00e2timent - Performance b\u00e2timent\",\"isPartOf\":{\"@id\":\"https:\/\/dominiot.fr\/#website\"},\"datePublished\":\"2023-12-16T00:34:52+00:00\",\"dateModified\":\"2024-01-11T00:04:37+00:00\",\"description\":\"DominIoT optimise les performances des \u00e9quipements techniques pr\u00e9sents dans votre b\u00e2timent en offrant des solutions innovantes pour optimiser les performances \u00e9nerg\u00e9tiques, am\u00e9liorer le confort des occupants, et simplifier la gestion des installations\",\"breadcrumb\":{\"@id\":\"https:\/\/dominiot.fr\/index.php\/cu-gtb\/#breadcrumb\"},\"inLanguage\":\"en-US\",\"potentialAction\":[{\"@type\":\"ReadAction\",\"target\":[\"https:\/\/dominiot.fr\/index.php\/cu-gtb\/\"]}]},{\"@type\":\"BreadcrumbList\",\"@id\":\"https:\/\/dominiot.fr\/index.php\/cu-gtb\/#breadcrumb\",\"itemListElement\":[{\"@type\":\"ListItem\",\"position\":1,\"name\":\"Accueil\",\"item\":\"https:\/\/dominiot.fr\/\"},{\"@type\":\"ListItem\",\"position\":2,\"name\":\"Gestion Technique du B\u00e2timent, la GTB\"}]},{\"@type\":\"WebSite\",\"@id\":\"https:\/\/dominiot.fr\/#website\",\"url\":\"https:\/\/dominiot.fr\/\",\"name\":\"DominIoT\",\"description\":\"\",\"potentialAction\":[{\"@type\":\"SearchAction\",\"target\":{\"@type\":\"EntryPoint\",\"urlTemplate\":\"https:\/\/dominiot.fr\/?s={search_term_string}\"},\"query-input\":\"required name=search_term_string\"}],\"inLanguage\":\"en-US\"}]}<\/script>\n<!-- \/ Yoast SEO plugin. -->","yoast_head_json":{"title":"GTB - Gestion Intelligente du B\u00e2timent - Performance b\u00e2timent","description":"DominIoT optimise les performances des \u00e9quipements techniques pr\u00e9sents dans votre b\u00e2timent en offrant des solutions innovantes pour optimiser les performances \u00e9nerg\u00e9tiques, am\u00e9liorer le confort des occupants, et simplifier la gestion des installations","robots":{"index":"index","follow":"follow","max-snippet":"max-snippet:-1","max-image-preview":"max-image-preview:large","max-video-preview":"max-video-preview:-1"},"canonical":"https:\/\/dominiot.fr\/index.php\/cu-gtb\/","og_locale":"en_US","og_type":"article","og_title":"GTB - Gestion Intelligente du B\u00e2timent - Performance b\u00e2timent","og_description":"DominIoT optimise les performances des \u00e9quipements techniques pr\u00e9sents dans votre b\u00e2timent en offrant des solutions innovantes pour optimiser les performances \u00e9nerg\u00e9tiques, am\u00e9liorer le confort des occupants, et simplifier la gestion des installations","og_url":"https:\/\/dominiot.fr\/index.php\/cu-gtb\/","og_site_name":"DominIoT","article_modified_time":"2024-01-11T00:04:37+00:00","og_image":[{"width":1280,"height":853,"url":"https:\/\/dominiot.fr\/wp-content\/uploads\/2023\/12\/architecture-22039_1280.jpg","type":"image\/jpeg"}],"twitter_card":"summary_large_image","twitter_misc":{"Est. reading time":"3 minutes"},"schema":{"@context":"https:\/\/schema.org","@graph":[{"@type":"WebPage","@id":"https:\/\/dominiot.fr\/index.php\/cu-gtb\/","url":"https:\/\/dominiot.fr\/index.php\/cu-gtb\/","name":"GTB - Gestion Intelligente du B\u00e2timent - Performance b\u00e2timent","isPartOf":{"@id":"https:\/\/dominiot.fr\/#website"},"datePublished":"2023-12-16T00:34:52+00:00","dateModified":"2024-01-11T00:04:37+00:00","description":"DominIoT optimise les performances des \u00e9quipements techniques pr\u00e9sents dans votre b\u00e2timent en offrant des solutions innovantes pour optimiser les performances \u00e9nerg\u00e9tiques, am\u00e9liorer le confort des occupants, et simplifier la gestion des installations","breadcrumb":{"@id":"https:\/\/dominiot.fr\/index.php\/cu-gtb\/#breadcrumb"},"inLanguage":"en-US","potentialAction":[{"@type":"ReadAction","target":["https:\/\/dominiot.fr\/index.php\/cu-gtb\/"]}]},{"@type":"BreadcrumbList","@id":"https:\/\/dominiot.fr\/index.php\/cu-gtb\/#breadcrumb","itemListElement":[{"@type":"ListItem","position":1,"name":"Accueil","item":"https:\/\/dominiot.fr\/"},{"@type":"ListItem","position":2,"name":"Gestion Technique du B\u00e2timent, la GTB"}]},{"@type":"WebSite","@id":"https:\/\/dominiot.fr\/#website","url":"https:\/\/dominiot.fr\/","name":"DominIoT","description":"","potentialAction":[{"@type":"SearchAction","target":{"@type":"EntryPoint","urlTemplate":"https:\/\/dominiot.fr\/?s={search_term_string}"},"query-input":"required name=search_term_string"}],"inLanguage":"en-US"}]}},"_links":{"self":[{"href":"https:\/\/dominiot.fr\/index.php\/wp-json\/wp\/v2\/pages\/131"}],"collection":[{"href":"https:\/\/dominiot.fr\/index.php\/wp-json\/wp\/v2\/pages"}],"about":[{"href":"https:\/\/dominiot.fr\/index.php\/wp-json\/wp\/v2\/types\/page"}],"author":[{"embeddable":true,"href":"https:\/\/dominiot.fr\/index.php\/wp-json\/wp\/v2\/users\/1"}],"replies":[{"embeddable":true,"href":"https:\/\/dominiot.fr\/index.php\/wp-json\/wp\/v2\/comments?post=131"}],"version-history":[{"count":29,"href":"https:\/\/dominiot.fr\/index.php\/wp-json\/wp\/v2\/pages\/131\/revisions"}],"predecessor-version":[{"id":906,"href":"https:\/\/dominiot.fr\/index.php\/wp-json\/wp\/v2\/pages\/131\/revisions\/906"}],"wp:featuredmedia":[{"embeddable":true,"href":"https:\/\/dominiot.fr\/index.php\/wp-json\/wp\/v2\/media\/428"}],"wp:attachment":[{"href":"https:\/\/dominiot.fr\/index.php\/wp-json\/wp\/v2\/media?parent=131"}],"curies":[{"name":"wp","href":"https:\/\/api.w.org\/{rel}","templated":true}]}}