{"id":133,"date":"2023-12-16T01:35:21","date_gmt":"2023-12-16T00:35:21","guid":{"rendered":"https:\/\/dominiot.fr\/?page_id=133"},"modified":"2024-01-09T12:01:10","modified_gmt":"2024-01-09T11:01:10","slug":"cas-dusage","status":"publish","type":"page","link":"https:\/\/dominiot.fr\/index.php\/cas-dusage\/","title":{"rendered":"Cas d&#8217;usage"},"content":{"rendered":"<p>[et_pb_section fb_built=&#8221;1&#8243; _builder_version=&#8221;4.23.1&#8243; _module_preset=&#8221;default&#8221; global_colors_info=&#8221;{}&#8221;][et_pb_row column_structure=&#8221;1_3,1_3,1_3&#8243; _builder_version=&#8221;4.16&#8243; custom_margin=&#8221;-11px|auto||auto||&#8221; custom_padding=&#8221;7px|||||&#8221; saved_tabs=&#8221;all&#8221; global_colors_info=&#8221;{}&#8221;][et_pb_column type=&#8221;1_3&#8243; _builder_version=&#8221;4.16&#8243; custom_padding=&#8221;|||&#8221; global_colors_info=&#8221;{}&#8221; custom_padding__hover=&#8221;|||&#8221;][et_pb_blurb title=&#8221;Gestion Technique du B\u00e2timent (GTB) &#8221; url=&#8221;https:\/\/dominiot.fr\/index.php\/cu-gtb\/&#8221; image=&#8221;https:\/\/dominiot.fr\/wp-content\/uploads\/2023\/12\/bureau.jpg&#8221; image_icon_width=&#8221;93%&#8221; _builder_version=&#8221;4.23.1&#8243; header_font=&#8221;Share Tech||||||||&#8221; header_font_size=&#8221;24px&#8221; header_line_height=&#8221;1.2em&#8221; body_font=&#8221;Open Sans||||||||&#8221; body_font_size=&#8221;16px&#8221; body_line_height=&#8221;1.8em&#8221; background_color=&#8221;#ff8a3d&#8221; background_layout=&#8221;dark&#8221; custom_padding=&#8221;40px|30px|40px|30px|true|true&#8221; animation_style=&#8221;fold&#8221; animation=&#8221;off&#8221; hover_enabled=&#8221;0&#8243; global_colors_info=&#8221;{}&#8221; sticky_enabled=&#8221;0&#8243;]<\/p>\n<p>Optimisez l&#8217;efficacit\u00e9 \u00e9nerg\u00e9tique, surveillez en temps r\u00e9el les syst\u00e8mes et cr\u00e9ez des environnements plus confortables.<\/p>\n<p>[\/et_pb_blurb][\/et_pb_column][et_pb_column type=&#8221;1_3&#8243; _builder_version=&#8221;4.16&#8243; custom_padding=&#8221;|||&#8221; global_colors_info=&#8221;{}&#8221; custom_padding__hover=&#8221;|||&#8221;][et_pb_blurb title=&#8221;Agriculture intelligente &#8221; url=&#8221;https:\/\/dominiot.fr\/index.php\/cu-agriculture\/&#8221; image=&#8221;https:\/\/dominiot.fr\/wp-content\/uploads\/2023\/12\/vosges-3625888_640.jpg&#8221; _builder_version=&#8221;4.23.1&#8243; header_font=&#8221;Share Tech||||||||&#8221; header_font_size=&#8221;24px&#8221; header_line_height=&#8221;1.2em&#8221; body_font=&#8221;Open Sans||||||||&#8221; body_font_size=&#8221;16px&#8221; body_line_height=&#8221;1.8em&#8221; background_color=&#8221;rgba(117,196,155,0.65)&#8221; custom_padding=&#8221;40px|30px|40px|30px|true|true&#8221; animation_style=&#8221;fold&#8221; animation_delay=&#8221;150ms&#8221; animation=&#8221;off&#8221; locked=&#8221;off&#8221; global_colors_info=&#8221;{}&#8221;]<\/p>\n<p>Maximisez les rendements, \u00e9conomisez l&#8217;eau et surveillez les conditions m\u00e9t\u00e9orologiques en temps r\u00e9el pour une agriculture plus durable.<\/p>\n<p>&nbsp;<\/p>\n<p>[\/et_pb_blurb][\/et_pb_column][et_pb_column type=&#8221;1_3&#8243; _builder_version=&#8221;4.16&#8243; custom_padding=&#8221;|||&#8221; global_colors_info=&#8221;{}&#8221; custom_padding__hover=&#8221;|||&#8221;][et_pb_blurb title=&#8221;Industrie connect\u00e9e &#8221; url=&#8221;https:\/\/dominiot.fr\/index.php\/cu-industrie\/&#8221; image=&#8221;https:\/\/dominiot.fr\/wp-content\/uploads\/2023\/12\/industry-2630319_640.jpg&#8221; image_icon_width=&#8221;86%&#8221; _builder_version=&#8221;4.23.1&#8243; header_font=&#8221;Share Tech||||||||&#8221; header_font_size=&#8221;24px&#8221; header_line_height=&#8221;1.2em&#8221; body_font=&#8221;Open Sans||||||||&#8221; body_font_size=&#8221;16px&#8221; body_line_height=&#8221;1.8em&#8221; background_color=&#8221;rgba(170,170,170,0.33)&#8221; custom_padding=&#8221;40px|30px|40px|30px|true|true&#8221; animation_style=&#8221;fold&#8221; animation_delay=&#8221;200ms&#8221; animation=&#8221;off&#8221; border_width_all=&#8221;1px&#8221; border_color_all=&#8221;rgba(21,49,78,0.17)&#8221; locked=&#8221;off&#8221; global_colors_info=&#8221;{}&#8221;]<\/p>\n<p>Am\u00e9liorez la cha\u00eene d&#8217;approvisionnement, surveillez la maintenance pr\u00e9dictive et augmentez la productivit\u00e9 gr\u00e2ce \u00e0 une visibilit\u00e9 accrue sur vos op\u00e9rations.<\/p>\n<p>[\/et_pb_blurb][\/et_pb_column][\/et_pb_row][et_pb_row column_structure=&#8221;1_3,1_3,1_3&#8243; _builder_version=&#8221;4.16&#8243; custom_margin=&#8221;|||&#8221; custom_padding=&#8221;|||&#8221; global_colors_info=&#8221;{}&#8221;][et_pb_column type=&#8221;1_3&#8243; _builder_version=&#8221;4.16&#8243; custom_padding=&#8221;|||&#8221; global_colors_info=&#8221;{}&#8221; custom_padding__hover=&#8221;|||&#8221;][et_pb_blurb title=&#8221;Sant\u00e9 connect\u00e9e &#8221; url=&#8221;https:\/\/dominiot.fr\/index.php\/cu-sante\/&#8221; image=&#8221;https:\/\/dominiot.fr\/wp-content\/uploads\/2023\/12\/laboratory-3827739_640.jpg&#8221; _builder_version=&#8221;4.23.1&#8243; header_font=&#8221;Share Tech||||||||&#8221; header_text_color=&#8221;#FFFFFF&#8221; header_font_size=&#8221;24px&#8221; header_line_height=&#8221;1.2em&#8221; body_font=&#8221;Open Sans||||||||&#8221; body_font_size=&#8221;16px&#8221; body_line_height=&#8221;1.8em&#8221; background_color=&#8221;#4c5fdb&#8221; custom_padding=&#8221;40px|30px|40px|30px|true|true&#8221; animation_style=&#8221;fold&#8221; animation_delay=&#8221;450ms&#8221; animation=&#8221;off&#8221; border_width_all=&#8221;1px&#8221; border_color_all=&#8221;rgba(21,49,78,0.17)&#8221; locked=&#8221;off&#8221; global_colors_info=&#8221;{}&#8221;]<\/p>\n<p><span style=\"color: #ffffff;\">Optimisez l\u2019accompagnement aux patients, surveillez les \u00e9quipements m\u00e9dicaux et am\u00e9liorez l&#8217;efficacit\u00e9 des processus hospitaliers.<\/span><\/p>\n<p>[\/et_pb_blurb][\/et_pb_column][et_pb_column type=&#8221;1_3&#8243; _builder_version=&#8221;4.16&#8243; custom_padding=&#8221;|||&#8221; global_colors_info=&#8221;{}&#8221; custom_padding__hover=&#8221;|||&#8221;][et_pb_blurb title=&#8221;\u00c9nergie intelligente&#8221; url=&#8221;https:\/\/dominiot.fr\/index.php\/cu-energie\/&#8221; image=&#8221;https:\/\/dominiot.fr\/wp-content\/uploads\/2023\/12\/energy-7408161_640.jpg&#8221; image_icon_width=&#8221;69%&#8221; _builder_version=&#8221;4.23.1&#8243; header_font=&#8221;Share Tech||||||||&#8221; header_font_size=&#8221;24px&#8221; header_line_height=&#8221;1.2em&#8221; body_font=&#8221;Open Sans||||||||&#8221; body_font_size=&#8221;16px&#8221; body_line_height=&#8221;1.8em&#8221; background_color=&#8221;#15314e&#8221; background_layout=&#8221;dark&#8221; custom_padding=&#8221;40px|30px|40px|30px|true|true&#8221; animation_style=&#8221;fold&#8221; animation_delay=&#8221;100ms&#8221; animation=&#8221;off&#8221; locked=&#8221;off&#8221; global_colors_info=&#8221;{}&#8221;]<\/p>\n<p>G\u00e9rez et surveillez la consommation \u00e9nerg\u00e9tique, identifiez les inefficacit\u00e9s et adoptez des pratiques plus durables.<\/p>\n<p>[\/et_pb_blurb][\/et_pb_column][et_pb_column type=&#8221;1_3&#8243; _builder_version=&#8221;4.16&#8243; custom_padding=&#8221;|||&#8221; global_colors_info=&#8221;{}&#8221; custom_padding__hover=&#8221;|||&#8221;][et_pb_blurb title=&#8221;Cyber Securit\u00e9&#8221; image=&#8221;https:\/\/dominiot.fr\/wp-content\/uploads\/2023\/12\/cyber-3327240_640.jpg&#8221; image_icon_width=&#8221;106%&#8221; _builder_version=&#8221;4.23.1&#8243; header_font=&#8221;Share Tech||||||||&#8221; header_font_size=&#8221;24px&#8221; header_line_height=&#8221;1.2em&#8221; body_font=&#8221;Open Sans||||||||&#8221; body_font_size=&#8221;16px&#8221; body_line_height=&#8221;1.8em&#8221; background_color=&#8221;rgba(224,43,32,0.47)&#8221; background_layout=&#8221;dark&#8221; custom_padding=&#8221;40px|30px|40px|30px|true|true&#8221; animation_style=&#8221;fold&#8221; animation_delay=&#8221;300ms&#8221; animation=&#8221;off&#8221; locked=&#8221;off&#8221; global_colors_info=&#8221;{}&#8221;]<\/p>\n<p>Chacun de nos domaines d&#8217;expertise n\u00e9cessite une pratique de s\u00e9curit\u00e9 faisant partie int\u00e9grante des solutions DominIoT.<\/p>\n<p>[\/et_pb_blurb][\/et_pb_column][\/et_pb_row][\/et_pb_section]<\/p>\n","protected":false},"excerpt":{"rendered":"<p>Optimisez l&#8217;efficacit\u00e9 \u00e9nerg\u00e9tique, surveillez en temps r\u00e9el les syst\u00e8mes et cr\u00e9ez des environnements plus confortables.Maximisez les rendements, \u00e9conomisez l&#8217;eau et surveillez les conditions m\u00e9t\u00e9orologiques en temps r\u00e9el pour une agriculture plus durable. &nbsp;Am\u00e9liorez la cha\u00eene d&#8217;approvisionnement, surveillez la maintenance pr\u00e9dictive et augmentez la productivit\u00e9 gr\u00e2ce \u00e0 une visibilit\u00e9 accrue sur vos op\u00e9rations.Optimisez l\u2019accompagnement aux patients, [&hellip;]<\/p>\n","protected":false},"author":1,"featured_media":0,"parent":0,"menu_order":0,"comment_status":"closed","ping_status":"closed","template":"","meta":{"_et_pb_use_builder":"on","_et_pb_old_content":"","_et_gb_content_width":"","_monsterinsights_skip_tracking":false,"_monsterinsights_sitenote_active":false,"_monsterinsights_sitenote_note":"","_monsterinsights_sitenote_category":0,"footnotes":""},"yoast_head":"<!-- This site is optimized with the Yoast SEO plugin v21.7 - https:\/\/yoast.com\/wordpress\/plugins\/seo\/ -->\n<title>Cas d&#039;usage - DominIoT<\/title>\n<meta name=\"robots\" content=\"index, follow, max-snippet:-1, max-image-preview:large, max-video-preview:-1\" \/>\n<link rel=\"canonical\" href=\"https:\/\/dominiot.fr\/index.php\/cas-dusage\/\" \/>\n<meta property=\"og:locale\" content=\"en_US\" \/>\n<meta property=\"og:type\" content=\"article\" \/>\n<meta property=\"og:title\" content=\"Cas d&#039;usage - DominIoT\" \/>\n<meta property=\"og:description\" content=\"Optimisez l&#039;efficacit\u00e9 \u00e9nerg\u00e9tique, surveillez en temps r\u00e9el les syst\u00e8mes et cr\u00e9ez des environnements plus confortables.Maximisez les rendements, \u00e9conomisez l&#039;eau et surveillez les conditions m\u00e9t\u00e9orologiques en temps r\u00e9el pour une agriculture plus durable. &nbsp;Am\u00e9liorez la cha\u00eene d&#039;approvisionnement, surveillez la maintenance pr\u00e9dictive et augmentez la productivit\u00e9 gr\u00e2ce \u00e0 une visibilit\u00e9 accrue sur vos op\u00e9rations.Optimisez l\u2019accompagnement aux patients, [&hellip;]\" \/>\n<meta property=\"og:url\" content=\"https:\/\/dominiot.fr\/index.php\/cas-dusage\/\" \/>\n<meta property=\"og:site_name\" content=\"DominIoT\" \/>\n<meta property=\"article:modified_time\" content=\"2024-01-09T11:01:10+00:00\" \/>\n<meta name=\"twitter:card\" content=\"summary_large_image\" \/>\n<meta name=\"twitter:label1\" content=\"Est. reading time\" \/>\n\t<meta name=\"twitter:data1\" content=\"4 minutes\" \/>\n<script type=\"application\/ld+json\" class=\"yoast-schema-graph\">{\"@context\":\"https:\/\/schema.org\",\"@graph\":[{\"@type\":\"WebPage\",\"@id\":\"https:\/\/dominiot.fr\/index.php\/cas-dusage\/\",\"url\":\"https:\/\/dominiot.fr\/index.php\/cas-dusage\/\",\"name\":\"Cas d'usage - DominIoT\",\"isPartOf\":{\"@id\":\"https:\/\/dominiot.fr\/#website\"},\"datePublished\":\"2023-12-16T00:35:21+00:00\",\"dateModified\":\"2024-01-09T11:01:10+00:00\",\"breadcrumb\":{\"@id\":\"https:\/\/dominiot.fr\/index.php\/cas-dusage\/#breadcrumb\"},\"inLanguage\":\"en-US\",\"potentialAction\":[{\"@type\":\"ReadAction\",\"target\":[\"https:\/\/dominiot.fr\/index.php\/cas-dusage\/\"]}]},{\"@type\":\"BreadcrumbList\",\"@id\":\"https:\/\/dominiot.fr\/index.php\/cas-dusage\/#breadcrumb\",\"itemListElement\":[{\"@type\":\"ListItem\",\"position\":1,\"name\":\"Accueil\",\"item\":\"https:\/\/dominiot.fr\/\"},{\"@type\":\"ListItem\",\"position\":2,\"name\":\"Cas d&rsquo;usage\"}]},{\"@type\":\"WebSite\",\"@id\":\"https:\/\/dominiot.fr\/#website\",\"url\":\"https:\/\/dominiot.fr\/\",\"name\":\"DominIoT\",\"description\":\"\",\"potentialAction\":[{\"@type\":\"SearchAction\",\"target\":{\"@type\":\"EntryPoint\",\"urlTemplate\":\"https:\/\/dominiot.fr\/?s={search_term_string}\"},\"query-input\":\"required name=search_term_string\"}],\"inLanguage\":\"en-US\"}]}<\/script>\n<!-- \/ Yoast SEO plugin. -->","yoast_head_json":{"title":"Cas d'usage - DominIoT","robots":{"index":"index","follow":"follow","max-snippet":"max-snippet:-1","max-image-preview":"max-image-preview:large","max-video-preview":"max-video-preview:-1"},"canonical":"https:\/\/dominiot.fr\/index.php\/cas-dusage\/","og_locale":"en_US","og_type":"article","og_title":"Cas d'usage - DominIoT","og_description":"Optimisez l'efficacit\u00e9 \u00e9nerg\u00e9tique, surveillez en temps r\u00e9el les syst\u00e8mes et cr\u00e9ez des environnements plus confortables.Maximisez les rendements, \u00e9conomisez l'eau et surveillez les conditions m\u00e9t\u00e9orologiques en temps r\u00e9el pour une agriculture plus durable. &nbsp;Am\u00e9liorez la cha\u00eene d'approvisionnement, surveillez la maintenance pr\u00e9dictive et augmentez la productivit\u00e9 gr\u00e2ce \u00e0 une visibilit\u00e9 accrue sur vos op\u00e9rations.Optimisez l\u2019accompagnement aux patients, [&hellip;]","og_url":"https:\/\/dominiot.fr\/index.php\/cas-dusage\/","og_site_name":"DominIoT","article_modified_time":"2024-01-09T11:01:10+00:00","twitter_card":"summary_large_image","twitter_misc":{"Est. reading time":"4 minutes"},"schema":{"@context":"https:\/\/schema.org","@graph":[{"@type":"WebPage","@id":"https:\/\/dominiot.fr\/index.php\/cas-dusage\/","url":"https:\/\/dominiot.fr\/index.php\/cas-dusage\/","name":"Cas d'usage - DominIoT","isPartOf":{"@id":"https:\/\/dominiot.fr\/#website"},"datePublished":"2023-12-16T00:35:21+00:00","dateModified":"2024-01-09T11:01:10+00:00","breadcrumb":{"@id":"https:\/\/dominiot.fr\/index.php\/cas-dusage\/#breadcrumb"},"inLanguage":"en-US","potentialAction":[{"@type":"ReadAction","target":["https:\/\/dominiot.fr\/index.php\/cas-dusage\/"]}]},{"@type":"BreadcrumbList","@id":"https:\/\/dominiot.fr\/index.php\/cas-dusage\/#breadcrumb","itemListElement":[{"@type":"ListItem","position":1,"name":"Accueil","item":"https:\/\/dominiot.fr\/"},{"@type":"ListItem","position":2,"name":"Cas d&rsquo;usage"}]},{"@type":"WebSite","@id":"https:\/\/dominiot.fr\/#website","url":"https:\/\/dominiot.fr\/","name":"DominIoT","description":"","potentialAction":[{"@type":"SearchAction","target":{"@type":"EntryPoint","urlTemplate":"https:\/\/dominiot.fr\/?s={search_term_string}"},"query-input":"required name=search_term_string"}],"inLanguage":"en-US"}]}},"_links":{"self":[{"href":"https:\/\/dominiot.fr\/index.php\/wp-json\/wp\/v2\/pages\/133"}],"collection":[{"href":"https:\/\/dominiot.fr\/index.php\/wp-json\/wp\/v2\/pages"}],"about":[{"href":"https:\/\/dominiot.fr\/index.php\/wp-json\/wp\/v2\/types\/page"}],"author":[{"embeddable":true,"href":"https:\/\/dominiot.fr\/index.php\/wp-json\/wp\/v2\/users\/1"}],"replies":[{"embeddable":true,"href":"https:\/\/dominiot.fr\/index.php\/wp-json\/wp\/v2\/comments?post=133"}],"version-history":[{"count":3,"href":"https:\/\/dominiot.fr\/index.php\/wp-json\/wp\/v2\/pages\/133\/revisions"}],"predecessor-version":[{"id":723,"href":"https:\/\/dominiot.fr\/index.php\/wp-json\/wp\/v2\/pages\/133\/revisions\/723"}],"wp:attachment":[{"href":"https:\/\/dominiot.fr\/index.php\/wp-json\/wp\/v2\/media?parent=133"}],"curies":[{"name":"wp","href":"https:\/\/api.w.org\/{rel}","templated":true}]}}