{"id":99,"date":"2023-12-16T01:16:03","date_gmt":"2023-12-16T00:16:03","guid":{"rendered":"https:\/\/dominiot.fr\/?page_id=99"},"modified":"2024-01-12T19:13:59","modified_gmt":"2024-01-12T18:13:59","slug":"solutions","status":"publish","type":"page","link":"https:\/\/dominiot.fr\/index.php\/solutions\/","title":{"rendered":"Solutions DominIoT"},"content":{"rendered":"\n<h1 class=\"wp-block-heading has-text-align-center\">Installation en cinq \u00e9tapes<\/h1>\n\n\n\n<p><\/p>\n\n\n\n<h2 class=\"wp-block-heading\">1. Raccordement de vos \u00e9quipements techniques et capteurs<\/h2>\n\n\n\n<p>DominIoT fournis les automates de connexion aux \u00e9quipements techniques qui permettent de contr\u00f4ler et commander ces \u00e9quipements \u00e0 distance par liaison filaire ou sans fil. <\/p>\n\n\n\n<p>La solution DominIoT supporte les principaux protocoles de raccordement d&#8217;\u00e9quipements techniques (BACnet, Modbus, LonWorks, KNX, TCP\/IP) facilitant ainsi son d\u00e9ploiement sur votre site. Cela apporte de la flexibilit\u00e9 dans le branchement des \u00e9quipements techniques et capteurs pour de multiples domaines d\u2019application (par exemple la GTB ou l&#8217;agriculture).<\/p>\n\n\n\n<h2 class=\"wp-block-heading\">2. Mise en r\u00e9seau de vos \u00e9quipements <\/h2>\n\n\n\n<p>DominIoT assure la mise en r\u00e9seau de vos \u00e9quipements pour la transmission de donn\u00e9es et le contr\u00f4le \u00e0 distance. DominIoT fournis les routeurs, filaires et sans fil, pour la connexion des automates au serveur central. Les principaux protocoles de communication standards sont support\u00e9s afin d&#8217;ajuster au mieux la solution \u00e0 vos besoins. <\/p>\n\n\n\n<p>Nous assurons le d\u00e9ploiement des r\u00e9seaux sans fil de type : LORA, LORAWAN, WiFi, ZigBee, 4G\/5G, Cat-M&amp;NBIOT, Wifi Halow et aussi de r\u00e9seaux filaires tels que : Ethernet, RS485, courant porteur.<\/p>\n\n\n\n<h2 class=\"wp-block-heading\">3. Connecter le r\u00e9seau IoT aux Technologies de l&#8217;Information (IT)<\/h2>\n\n\n\n<p>DominIoT propose de mettre en \u0153uvre la connexion entre le r\u00e9seau IoT et les technologies de l&#8217;information (IT) de l&#8217;entreprise afin de permettre la collecte, en temps r\u00e9el, de donn\u00e9es provenant de capteurs ainsi qu&#8217;une automatisation avanc\u00e9e des \u00e9quipements sur le terrain.<br>Cette approche ouvre la voie \u00e0 une prise de d\u00e9cision plus intelligente et comp\u00e9titive, favorise l&#8217;innovation et permet une optimisation des processus.<\/p>\n\n\n\n<p>Notre solution offre donc une connexion fluide entre les dispositifs IoT et IT par l&#8217;utilisation d&#8217;un protocole de communication chiffr\u00e9 et robuste tel que MQTT. Ce protocole garanti la confidentialit\u00e9 et l&#8217;int\u00e9grit\u00e9 des donn\u00e9es transitant entre les \u00e9quipements et capteurs IoT et les syst\u00e8mes IT.<\/p>\n\n\n\n<p>En somme, la r\u00e9ussite de cette connexion r\u00e9side dans la combinaison judicieuse de protocoles, de passerelles et d&#8217;architectures personnalis\u00e9es, align\u00e9es sur les objectifs particuliers de l&#8217;entreprise.<\/p>\n\n\n\n<h2 class=\"wp-block-heading\">4. Supervision et contr\u00f4le avec l\u2019Application DominIoT<\/h2>\n\n\n\n<p>L&#8217;application de supervision DominIoT, install\u00e9e dans le Cloud ou en local, connecte et pilote les \u00e9quipements techniques et les capteurs. <\/p>\n\n\n\n<p>DominIoT fournis le serveur central et son application associ\u00e9e qui est accessible en local ou \u00e0 distance. Le serveur central pr\u00e9sente un tableau de bord interactif d\u2019affichage des donn\u00e9es et \u00e9tats, d\u2019alertes et d\u2019analyse. <\/p>\n\n\n\n<p>Toute donn\u00e9es et actions du syst\u00e8me sont sauvegard\u00e9s afin d\u2019en garder des traces, d&#8217;effectuer une analyse des donn\u00e9es et d\u2019effectuer la restauration du syst\u00e8me. <\/p>\n\n\n\n<p>Les algorithmes d\u2019IA supportent l\u2019op\u00e9rateur dans la supervision et l\u2019analyse pr\u00e9dictive automatique. <\/p>\n\n\n\n<p>L\u2019application DominIoT est de type NoCode, ce qui permet d\u2019\u00e9tendre ses fonctionnalit\u00e9s en ligne.<\/p>\n\n\n\n<h2 class=\"wp-block-heading\">5. Impl\u00e9mentation d&#8217;une Cybersecurit\u00e9 <\/h2>\n\n\n\n<p>La cybers\u00e9curit\u00e9 est une pr\u00e9occupation majeure de DominIoT, car l&#8217;expansion du nombre d&#8217;appareils connect\u00e9s accro\u00eet le potentiel de vuln\u00e9rabilit\u00e9s et de cybermenaces. DominIoT int\u00e8gre des pratiques de s\u00e9curit\u00e9 \u00e0 tous les niveaux, de l\u2019\u00e9quipement, des r\u00e9seaux et de l\u2019application. Les aspects cl\u00e9s de la cybers\u00e9curit\u00e9 incluent :<\/p>\n\n\n\n<ul>\n<li>L\u2019authentification et l\u2019autorisation robuste pour garantir que seuls les dispositifs autoris\u00e9s ont acc\u00e8s au r\u00e9seau avec contr\u00f4le de leur action,<\/li>\n\n\n\n<li>Le chiffrement des donn\u00e9es contre l&#8217;interception ou l&#8217;acc\u00e8s non autoris\u00e9,<\/li>\n\n\n\n<li>La surveillance du trafic afin de d\u00e9tecter les mod\u00e8les de trafic suspects ou les activit\u00e9s malveillantes,<\/li>\n\n\n\n<li>Un service de gestion continue des menaces et des vuln\u00e9rabilit\u00e9s afin d&#8217;identifier et d&#8217;att\u00e9nuer les risques potentiels.<\/li>\n<\/ul>\n\n\n\n<div style=\"height:25px\" aria-hidden=\"true\" class=\"wp-block-spacer\"><\/div>\n\n\n\n<h1 class=\"wp-block-heading has-text-align-center\">Mise en \u0153uvre de la solution<\/h1>\n\n\n\n<p>Les 5 \u00e9tapes techniques de mise en \u0153uvre de la solution DominIoT sont accompagn\u00e9s par un plan de raccordement visuel (illustration ci-dessous) qui aura \u00e9t\u00e9 d\u00e9finis avec vous.<\/p>\n\n\n\n<p>Il prend en compte le raccordement de vos \u00e9quipements, des capteurs, des automates et des moyen de gestion du r\u00e9seau de communication IoT ainsi que leur raccordement au serveur d&#8217;application dans le Cloud ou en local. <\/p>\n\n\n\n<p>Au del\u00e0 de l&#8217;exemple ci-dessous qui concerne la GTB, la solution DominIoT couvre tous les cas d&#8217;usage tels que pr\u00e9sent\u00e9s <a href=\"https:\/\/dominiot.fr\/index.php\/cas-dusage\/\">ici<\/a>.<\/p>\n\n\n\n<div style=\"height:30px\" aria-hidden=\"true\" class=\"wp-block-spacer\"><\/div>\n\n\n\n<figure class=\"wp-block-image size-full\"><a href=\"https:\/\/dominiot.fr\/index.php\/solutions\/implement-sys-v2\/\"><img loading=\"lazy\" decoding=\"async\" width=\"2490\" height=\"1474\" src=\"https:\/\/dominiot.fr\/wp-content\/uploads\/2024\/01\/IMPLEMENT-SYS-v2.jpg\" alt=\"\" class=\"wp-image-947\" srcset=\"https:\/\/dominiot.fr\/wp-content\/uploads\/2024\/01\/IMPLEMENT-SYS-v2.jpg 2490w, https:\/\/dominiot.fr\/wp-content\/uploads\/2024\/01\/IMPLEMENT-SYS-v2-1280x758.jpg 1280w, https:\/\/dominiot.fr\/wp-content\/uploads\/2024\/01\/IMPLEMENT-SYS-v2-980x580.jpg 980w, https:\/\/dominiot.fr\/wp-content\/uploads\/2024\/01\/IMPLEMENT-SYS-v2-480x284.jpg 480w\" sizes=\"(min-width: 0px) and (max-width: 480px) 480px, (min-width: 481px) and (max-width: 980px) 980px, (min-width: 981px) and (max-width: 1280px) 1280px, (min-width: 1281px) 2490px, 100vw\" \/><\/a><\/figure>\n\n\n\n<h1 class=\"wp-block-heading has-text-align-center\">DominIoT vous accompagne <\/h1>\n\n\n\n<p class=\"has-text-align-center accompagne\" id=\"accompagne\">Visualisez <a data-type=\"link\" data-id=\"https:\/\/dominiot.fr\/#accompagne\" href=\"https:\/\/dominiot.fr\/#accompagne\">ici<\/a> comment DominIoT vous accompagne, \u00e9tape par \u00e9tape, dans la r\u00e9alisation de votre projet IoT.<\/p>\n","protected":false},"excerpt":{"rendered":"<p>Installation en cinq \u00e9tapes 1. Raccordement de vos \u00e9quipements techniques et capteurs DominIoT fournis les automates de connexion aux \u00e9quipements techniques qui permettent de contr\u00f4ler et commander ces \u00e9quipements \u00e0 distance par liaison filaire ou sans fil. La solution DominIoT supporte les principaux protocoles de raccordement d&#8217;\u00e9quipements techniques (BACnet, Modbus, LonWorks, KNX, TCP\/IP) facilitant ainsi [&hellip;]<\/p>\n","protected":false},"author":1,"featured_media":237,"parent":0,"menu_order":0,"comment_status":"closed","ping_status":"closed","template":"","meta":{"_et_pb_use_builder":"off","_et_pb_old_content":"<!-- wp:paragraph -->\n<p><\/p>\n<!-- \/wp:paragraph -->\n\n<!-- wp:heading {\"textAlign\":\"center\",\"level\":1} -->\n<h1 class=\"wp-block-heading has-text-align-center\">Installation en quatre \u00e9tapes<\/h1>\n<!-- \/wp:heading -->\n\n<!-- wp:paragraph -->\n<p><\/p>\n<!-- \/wp:paragraph -->\n\n<!-- wp:heading -->\n<h2 class=\"wp-block-heading\">1. Raccordement de vos \u00e9quipements techniques et capteurs<\/h2>\n<!-- \/wp:heading -->\n\n<!-- wp:paragraph -->\n<p>DominIoT fournis les automates de connexion aux \u00e9quipements techniques qui permettent de contr\u00f4ler et commander ces \u00e9quipements \u00e0 distance par liaison filaire ou sans fil. <\/p>\n<!-- \/wp:paragraph -->\n\n<!-- wp:paragraph -->\n<p>La solution DominIoT supporte les principaux protocoles de raccordement d'\u00e9quipements techniques (BACnet, Modbus, LonWorks, KNX, TCP\/IP) facilitant ainsi son d\u00e9ploiement sur votre site. Cela apporte de la flexibilit\u00e9 dans le branchement des \u00e9quipements techniques et capteurs pour de multiples domaines d\u2019application (par exemple la GTB ou l'agriculture).<\/p>\n<!-- \/wp:paragraph -->\n\n<!-- wp:heading -->\n<h2 class=\"wp-block-heading\">2. Mise en r\u00e9seau de vos \u00e9quipements <\/h2>\n<!-- \/wp:heading -->\n\n<!-- wp:paragraph -->\n<p>DominIoT assure la mise en r\u00e9seau de vos \u00e9quipements pour la transmission de donn\u00e9es et le contr\u00f4le \u00e0 distance. DominIoT fournis les routeurs, filaires et sans fil, pour la connexion des automates au serveur central. Les principaux protocoles de communication standards sont support\u00e9s afin d'ajuster au mieux la solution \u00e0 vos besoins. <\/p>\n<!-- \/wp:paragraph -->\n\n<!-- wp:paragraph -->\n<p>Nous assurons le d\u00e9ploiement des r\u00e9seaux sans fil de type : LORA, LORAWAN, WiFi, ZigBee, 4G\/5G, Cat-M&amp;NBIOT, Wifi Halow et aussi de r\u00e9seaux filaires tels que : Ethernet, RS485, courant porteur.<\/p>\n<!-- \/wp:paragraph -->\n\n<!-- wp:heading -->\n<h2 class=\"wp-block-heading\">3. Supervision et contr\u00f4le avec l\u2019App DominIoT<\/h2>\n<!-- \/wp:heading -->\n\n<!-- wp:paragraph -->\n<p>L'application de supervision DominIoT, install\u00e9e dans le Cloud ou en local, connecte et pilote les \u00e9quipements techniques et les capteurs. <\/p>\n<!-- \/wp:paragraph -->\n\n<!-- wp:paragraph -->\n<p>DominIoT fournis le serveur central et son application associ\u00e9e qui est accessible en local ou \u00e0 distance. Le serveur central pr\u00e9sente un tableau de bord interactif d\u2019affichage des donn\u00e9es et \u00e9tats, d\u2019alertes et d\u2019analyse. <\/p>\n<!-- \/wp:paragraph -->\n\n<!-- wp:paragraph -->\n<p>Toute donn\u00e9es et actions du syst\u00e8me sont sauvegard\u00e9s afin d\u2019en garder des traces, d'effectuer une analyse des donn\u00e9es et d\u2019effectuer la restauration du syst\u00e8me. <\/p>\n<!-- \/wp:paragraph -->\n\n<!-- wp:paragraph -->\n<p>Les algorithmes d\u2019IA supportent l\u2019op\u00e9rateur dans la supervision et l\u2019analyse pr\u00e9dictive automatique. <\/p>\n<!-- \/wp:paragraph -->\n\n<!-- wp:paragraph -->\n<p>L\u2019application DominIoT est de type NoCode, ce qui permet d\u2019\u00e9tendre ses fonctionnalit\u00e9s en ligne.<\/p>\n<!-- \/wp:paragraph -->\n\n<!-- wp:heading -->\n<h2 class=\"wp-block-heading\">4. Impl\u00e9mentation d'une Cybersecurit\u00e9 <\/h2>\n<!-- \/wp:heading -->\n\n<!-- wp:paragraph -->\n<p>La cybers\u00e9curit\u00e9 est une pr\u00e9occupation majeure de DominIoT, car l'expansion du nombre d'appareils connect\u00e9s accro\u00eet le potentiel de vuln\u00e9rabilit\u00e9s et de cybermenaces. DominIoT int\u00e8gre des pratiques de s\u00e9curit\u00e9 \u00e0 tous les niveaux, de l\u2019\u00e9quipement, des r\u00e9seaux et de l\u2019application. Les aspects cl\u00e9s de la cybers\u00e9curit\u00e9 incluent :<\/p>\n<!-- \/wp:paragraph -->\n\n<!-- wp:list -->\n<ul><!-- wp:list-item -->\n<li>L\u2019authentification et l\u2019autorisation robuste pour garantir que seuls les dispositifs autoris\u00e9s ont acc\u00e8s au r\u00e9seau avec contr\u00f4le de leur action,<\/li>\n<!-- \/wp:list-item -->\n\n<!-- wp:list-item -->\n<li>Le chiffrement des donn\u00e9es contre l'interception ou l'acc\u00e8s non autoris\u00e9,<\/li>\n<!-- \/wp:list-item -->\n\n<!-- wp:list-item -->\n<li>La surveillance du trafic afin de d\u00e9tecter les mod\u00e8les de trafic suspects ou les activit\u00e9s malveillantes,<\/li>\n<!-- \/wp:list-item -->\n\n<!-- wp:list-item -->\n<li>Un service de gestion continue des menaces et des vuln\u00e9rabilit\u00e9s afin d'identifier et d'att\u00e9nuer les risques potentiels.<\/li>\n<!-- \/wp:list-item --><\/ul>\n<!-- \/wp:list -->\n\n<!-- wp:heading {\"textAlign\":\"center\",\"level\":1} -->\n<h1 class=\"wp-block-heading has-text-align-center\">Mise en \u0153uvre de la solution<\/h1>\n<!-- \/wp:heading -->\n\n<!-- wp:paragraph -->\n<p>Les 4 \u00e9tapes techniques de mise en \u0153uvre de la solution DominIoT sont accompagn\u00e9s par un plan de raccordement visuel (illustration ci-dessous) qui aura \u00e9t\u00e9 d\u00e9finis avec vous.<\/p>\n<!-- \/wp:paragraph -->\n\n<!-- wp:paragraph -->\n<p>Il prend en compte le raccordement de vos \u00e9quipements, des capteurs, des automates et des moyen de gestion du r\u00e9seau de communication IoT ainsi que leur raccordement au serveur d'application dans le Cloud ou en local. <\/p>\n<!-- \/wp:paragraph -->\n\n<!-- wp:paragraph -->\n<p>Au del\u00e0 de l'exemple ci-dessous qui concerne la GTB, la solution DominIoT couvre tous les cas d'usage tels que pr\u00e9sent\u00e9s ici.<\/p>\n<!-- \/wp:paragraph -->\n\n<!-- wp:image {\"id\":908,\"sizeSlug\":\"full\",\"linkDestination\":\"attachment\"} -->\n<figure class=\"wp-block-image size-full\"><a href=\"https:\/\/dominiot.fr\/index.php\/solutions\/exraccord-v2\/\"><img src=\"https:\/\/dominiot.fr\/wp-content\/uploads\/2024\/01\/EXraccord-v2.png\" alt=\"\" class=\"wp-image-908\"\/><\/a><\/figure>\n<!-- \/wp:image -->\n\n<!-- wp:heading {\"textAlign\":\"center\",\"level\":1} -->\n<h1 class=\"wp-block-heading has-text-align-center\">DominIoT vous accompagne <\/h1>\n<!-- \/wp:heading -->\n\n<!-- wp:paragraph {\"className\":\"accompagne\"} -->\n<p class=\"accompagne\" id=\"accompagne\">Visualisez <a data-type=\"link\" data-id=\"https:\/\/dominiot.fr\/#accompagne\" href=\"https:\/\/dominiot.fr\/#accompagne\">ici<\/a> comment DominIoT vous accompagne, \u00e9tape par \u00e9tape, dans la r\u00e9alisation de votre projet IoT.<\/p>\n<!-- \/wp:paragraph -->","_et_gb_content_width":"","_monsterinsights_skip_tracking":false,"_monsterinsights_sitenote_active":false,"_monsterinsights_sitenote_note":"","_monsterinsights_sitenote_category":0,"footnotes":""},"yoast_head":"<!-- This site is optimized with the Yoast SEO plugin v21.7 - https:\/\/yoast.com\/wordpress\/plugins\/seo\/ -->\n<title>protocole de communication standardis\u00e9- r\u00e9seaux sans fils et filaires<\/title>\n<meta name=\"description\" content=\"Raccordement en IoD de vos \u00e9quipements techniques et capteurs, mise en r\u00e9seau et supervision avec l&#039;application DominIoT\" \/>\n<meta name=\"robots\" content=\"index, follow, max-snippet:-1, max-image-preview:large, max-video-preview:-1\" \/>\n<link rel=\"canonical\" href=\"https:\/\/dominiot.fr\/index.php\/solutions\/\" \/>\n<meta property=\"og:locale\" content=\"en_US\" \/>\n<meta property=\"og:type\" content=\"article\" \/>\n<meta property=\"og:title\" content=\"protocole de communication standardis\u00e9- r\u00e9seaux sans fils et filaires\" \/>\n<meta property=\"og:description\" content=\"Raccordement en IoD de vos \u00e9quipements techniques et capteurs, mise en r\u00e9seau et supervision avec l&#039;application DominIoT\" \/>\n<meta property=\"og:url\" content=\"https:\/\/dominiot.fr\/index.php\/solutions\/\" \/>\n<meta property=\"og:site_name\" content=\"DominIoT\" \/>\n<meta property=\"article:modified_time\" content=\"2024-01-12T18:13:59+00:00\" \/>\n<meta property=\"og:image\" content=\"https:\/\/dominiot.fr\/wp-content\/uploads\/2023\/12\/iot-4085382_1280.jpg\" \/>\n\t<meta property=\"og:image:width\" content=\"1280\" \/>\n\t<meta property=\"og:image:height\" content=\"853\" \/>\n\t<meta property=\"og:image:type\" content=\"image\/jpeg\" \/>\n<meta name=\"twitter:card\" content=\"summary_large_image\" \/>\n<meta name=\"twitter:label1\" content=\"Est. reading time\" \/>\n\t<meta name=\"twitter:data1\" content=\"4 minutes\" \/>\n<script type=\"application\/ld+json\" class=\"yoast-schema-graph\">{\"@context\":\"https:\/\/schema.org\",\"@graph\":[{\"@type\":\"WebPage\",\"@id\":\"https:\/\/dominiot.fr\/index.php\/solutions\/\",\"url\":\"https:\/\/dominiot.fr\/index.php\/solutions\/\",\"name\":\"protocole de communication standardis\u00e9- r\u00e9seaux sans fils et filaires\",\"isPartOf\":{\"@id\":\"https:\/\/dominiot.fr\/#website\"},\"datePublished\":\"2023-12-16T00:16:03+00:00\",\"dateModified\":\"2024-01-12T18:13:59+00:00\",\"description\":\"Raccordement en IoD de vos \u00e9quipements techniques et capteurs, mise en r\u00e9seau et supervision avec l'application DominIoT\",\"breadcrumb\":{\"@id\":\"https:\/\/dominiot.fr\/index.php\/solutions\/#breadcrumb\"},\"inLanguage\":\"en-US\",\"potentialAction\":[{\"@type\":\"ReadAction\",\"target\":[\"https:\/\/dominiot.fr\/index.php\/solutions\/\"]}]},{\"@type\":\"BreadcrumbList\",\"@id\":\"https:\/\/dominiot.fr\/index.php\/solutions\/#breadcrumb\",\"itemListElement\":[{\"@type\":\"ListItem\",\"position\":1,\"name\":\"Accueil\",\"item\":\"https:\/\/dominiot.fr\/\"},{\"@type\":\"ListItem\",\"position\":2,\"name\":\"Solutions DominIoT\"}]},{\"@type\":\"WebSite\",\"@id\":\"https:\/\/dominiot.fr\/#website\",\"url\":\"https:\/\/dominiot.fr\/\",\"name\":\"DominIoT\",\"description\":\"\",\"potentialAction\":[{\"@type\":\"SearchAction\",\"target\":{\"@type\":\"EntryPoint\",\"urlTemplate\":\"https:\/\/dominiot.fr\/?s={search_term_string}\"},\"query-input\":\"required name=search_term_string\"}],\"inLanguage\":\"en-US\"}]}<\/script>\n<!-- \/ Yoast SEO plugin. -->","yoast_head_json":{"title":"protocole de communication standardis\u00e9- r\u00e9seaux sans fils et filaires","description":"Raccordement en IoD de vos \u00e9quipements techniques et capteurs, mise en r\u00e9seau et supervision avec l'application DominIoT","robots":{"index":"index","follow":"follow","max-snippet":"max-snippet:-1","max-image-preview":"max-image-preview:large","max-video-preview":"max-video-preview:-1"},"canonical":"https:\/\/dominiot.fr\/index.php\/solutions\/","og_locale":"en_US","og_type":"article","og_title":"protocole de communication standardis\u00e9- r\u00e9seaux sans fils et filaires","og_description":"Raccordement en IoD de vos \u00e9quipements techniques et capteurs, mise en r\u00e9seau et supervision avec l'application DominIoT","og_url":"https:\/\/dominiot.fr\/index.php\/solutions\/","og_site_name":"DominIoT","article_modified_time":"2024-01-12T18:13:59+00:00","og_image":[{"width":1280,"height":853,"url":"https:\/\/dominiot.fr\/wp-content\/uploads\/2023\/12\/iot-4085382_1280.jpg","type":"image\/jpeg"}],"twitter_card":"summary_large_image","twitter_misc":{"Est. reading time":"4 minutes"},"schema":{"@context":"https:\/\/schema.org","@graph":[{"@type":"WebPage","@id":"https:\/\/dominiot.fr\/index.php\/solutions\/","url":"https:\/\/dominiot.fr\/index.php\/solutions\/","name":"protocole de communication standardis\u00e9- r\u00e9seaux sans fils et filaires","isPartOf":{"@id":"https:\/\/dominiot.fr\/#website"},"datePublished":"2023-12-16T00:16:03+00:00","dateModified":"2024-01-12T18:13:59+00:00","description":"Raccordement en IoD de vos \u00e9quipements techniques et capteurs, mise en r\u00e9seau et supervision avec l'application DominIoT","breadcrumb":{"@id":"https:\/\/dominiot.fr\/index.php\/solutions\/#breadcrumb"},"inLanguage":"en-US","potentialAction":[{"@type":"ReadAction","target":["https:\/\/dominiot.fr\/index.php\/solutions\/"]}]},{"@type":"BreadcrumbList","@id":"https:\/\/dominiot.fr\/index.php\/solutions\/#breadcrumb","itemListElement":[{"@type":"ListItem","position":1,"name":"Accueil","item":"https:\/\/dominiot.fr\/"},{"@type":"ListItem","position":2,"name":"Solutions DominIoT"}]},{"@type":"WebSite","@id":"https:\/\/dominiot.fr\/#website","url":"https:\/\/dominiot.fr\/","name":"DominIoT","description":"","potentialAction":[{"@type":"SearchAction","target":{"@type":"EntryPoint","urlTemplate":"https:\/\/dominiot.fr\/?s={search_term_string}"},"query-input":"required name=search_term_string"}],"inLanguage":"en-US"}]}},"_links":{"self":[{"href":"https:\/\/dominiot.fr\/index.php\/wp-json\/wp\/v2\/pages\/99"}],"collection":[{"href":"https:\/\/dominiot.fr\/index.php\/wp-json\/wp\/v2\/pages"}],"about":[{"href":"https:\/\/dominiot.fr\/index.php\/wp-json\/wp\/v2\/types\/page"}],"author":[{"embeddable":true,"href":"https:\/\/dominiot.fr\/index.php\/wp-json\/wp\/v2\/users\/1"}],"replies":[{"embeddable":true,"href":"https:\/\/dominiot.fr\/index.php\/wp-json\/wp\/v2\/comments?post=99"}],"version-history":[{"count":36,"href":"https:\/\/dominiot.fr\/index.php\/wp-json\/wp\/v2\/pages\/99\/revisions"}],"predecessor-version":[{"id":949,"href":"https:\/\/dominiot.fr\/index.php\/wp-json\/wp\/v2\/pages\/99\/revisions\/949"}],"wp:featuredmedia":[{"embeddable":true,"href":"https:\/\/dominiot.fr\/index.php\/wp-json\/wp\/v2\/media\/237"}],"wp:attachment":[{"href":"https:\/\/dominiot.fr\/index.php\/wp-json\/wp\/v2\/media?parent=99"}],"curies":[{"name":"wp","href":"https:\/\/api.w.org\/{rel}","templated":true}]}}